{"id":4099,"date":"2019-06-19T03:00:02","date_gmt":"2019-06-19T03:00:02","guid":{"rendered":"http:\/\/haticesekkeli.com\/traitement\/"},"modified":"2024-10-11T09:57:40","modified_gmt":"2024-10-11T09:57:40","slug":"traitement","status":"publish","type":"page","link":"https:\/\/haticesekkeli.com\/fr\/traitement\/","title":{"rendered":"Traitement"},"content":{"rendered":"<p>[vc_row][vc_column][tm_heading custom_google_font=\u00a0\u00bb\u00a0\u00bb align=\u00a0\u00bbcenter\u00a0\u00bb text=\u00a0\u00bbNos Traitements dans Notre Clinique\u00a0\u00bb font_size=\u00a0\u00bbsm:36;lg:42&Prime;][tm_spacer size=\u00a0\u00bblg:20&Prime;][tm_heading tag=\u00a0\u00bbdiv\u00a0\u00bb custom_google_font=\u00a0\u00bb\u00a0\u00bb align=\u00a0\u00bbcenter\u00a0\u00bb text=\u00a0\u00bbNotre clinique offre toutes sortes de services et travaille constamment sur de nouvelles technologies pour ajouter de nouveaux services sp\u00e9cialis\u00e9s \u00e0 la liste.\u00a0\u00bb font_size=\u00a0\u00bblg:17&Prime; max_width=\u00a0\u00bb630px\u00a0\u00bb][tm_spacer size=\u00a0\u00bblg:60&Prime;][tm_service gutter=\u00a0\u00bb30&Prime; row_gutter=\u00a0\u00bb40&Prime; number=\u00a0\u00bb9&Prime; columns=\u00a0\u00bbxs:1;sm:2;lg:3&Prime;][tm_spacer size=\u00a0\u00bblg:70&Prime;][\/vc_column][\/vc_row]<\/p>\n","protected":false},"excerpt":{"rendered":"<p>[vc_row][vc_column][tm_heading custom_google_font=\u00a0\u00bb\u00a0\u00bb align=\u00a0\u00bbcenter\u00a0\u00bb text=\u00a0\u00bbNos Traitements dans Notre Clinique\u00a0\u00bb font_size=\u00a0\u00bbsm:36;lg:42&Prime;][tm_spacer size=\u00a0\u00bblg:20&Prime;][tm_heading tag=\u00a0\u00bbdiv\u00a0\u00bb custom_google_font=\u00a0\u00bb\u00a0\u00bb align=\u00a0\u00bbcenter\u00a0\u00bb text=\u00a0\u00bbNotre clinique offre toutes sortes de services et travaille constamment sur de nouvelles technologies pour ajouter de nouveaux services sp\u00e9cialis\u00e9s \u00e0 la liste.\u00a0\u00bb font_size=\u00a0\u00bblg:17&Prime; max_width=\u00a0\u00bb630px\u00a0\u00bb][tm_spacer size=\u00a0\u00bblg:60&Prime;][tm_service gutter=\u00a0\u00bb30&Prime; row_gutter=\u00a0\u00bb40&Prime; number=\u00a0\u00bb9&Prime; columns=\u00a0\u00bbxs:1;sm:2;lg:3&Prime;][tm_spacer size=\u00a0\u00bblg:70&Prime;][\/vc_column][\/vc_row]<\/p>\n","protected":false},"author":1,"featured_media":0,"parent":0,"menu_order":0,"comment_status":"closed","ping_status":"closed","template":"","meta":{"footnotes":""},"class_list":["post-4099","page","type-page","status-publish","hentry"],"_links":{"self":[{"href":"https:\/\/haticesekkeli.com\/fr\/wp-json\/wp\/v2\/pages\/4099"}],"collection":[{"href":"https:\/\/haticesekkeli.com\/fr\/wp-json\/wp\/v2\/pages"}],"about":[{"href":"https:\/\/haticesekkeli.com\/fr\/wp-json\/wp\/v2\/types\/page"}],"author":[{"embeddable":true,"href":"https:\/\/haticesekkeli.com\/fr\/wp-json\/wp\/v2\/users\/1"}],"replies":[{"embeddable":true,"href":"https:\/\/haticesekkeli.com\/fr\/wp-json\/wp\/v2\/comments?post=4099"}],"version-history":[{"count":1,"href":"https:\/\/haticesekkeli.com\/fr\/wp-json\/wp\/v2\/pages\/4099\/revisions"}],"predecessor-version":[{"id":4101,"href":"https:\/\/haticesekkeli.com\/fr\/wp-json\/wp\/v2\/pages\/4099\/revisions\/4101"}],"wp:attachment":[{"href":"https:\/\/haticesekkeli.com\/fr\/wp-json\/wp\/v2\/media?parent=4099"}],"curies":[{"name":"wp","href":"https:\/\/api.w.org\/{rel}","templated":true}]}}