{"id":4096,"date":"2019-05-31T07:07:39","date_gmt":"2019-05-31T07:07:39","guid":{"rendered":"http:\/\/haticesekkeli.com\/a-propos-de-nous\/"},"modified":"2022-07-04T11:10:04","modified_gmt":"2022-07-04T11:10:04","slug":"a-propos-de-nous","status":"publish","type":"page","link":"https:\/\/haticesekkeli.com\/fr\/a-propos-de-nous\/","title":{"rendered":"\u00c0 propos de nous"},"content":{"rendered":"<p>[vc_row full_width=\u00a0\u00bbstretch_row\u00a0\u00bb content_placement=\u00a0\u00bbmiddle\u00a0\u00bb lg_spacing=\u00a0\u00bbpadding_top:100;padding_bottom:40&Prime; gutter=\u00a0\u00bbxs:30;sm:50;md:70;lg:100&Prime;][vc_column offset=\u00a0\u00bbvc_col-lg-6&Prime;][tm_heading custom_google_font=\u00a0\u00bb\u00a0\u00bb text=\u00a0\u00bbBienvenue \u00e0 la Clinique de Sant\u00e9 Bucco-Dentaire Dt. Hatice \u015eekkeli\u00a0\u00bb font_size=\u00a0\u00bbsm:36;lg:42&Prime;][tm_spacer size=\u00a0\u00bblg:20&Prime;][tm_heading tag=\u00a0\u00bbdiv\u00a0\u00bb custom_google_font=\u00a0\u00bb\u00a0\u00bb text=\u00a0\u00bbAvec plus de 30 ans d&rsquo;exp\u00e9rience Dt.Hatice \u015eEKKELI, suivant de pr\u00e8s les derniers d\u00e9veloppements, adopte pour fournir un service de traitement dentaire sain \u00e0 ses patients avec une compr\u00e9hension perfectionniste de la plus haute qualit\u00e9 en suivant les derni\u00e8res technologies ax\u00e9es sur la qualit\u00e9 et en les m\u00e9langeant avec une dentisterie holistique.\u00a0\u00bb font_size=\u00a0\u00bblg:17&Prime;][tm_spacer size=\u00a0\u00bblg:50&Prime;][tm_box_icon style=\u00a0\u00bb10&Prime; icon_type=\u00a0\u00bbfontawesome5&Prime; icon_fontawesome5=\u00a0\u00bbfal fa-briefcase-medical\u00a0\u00bb heading=\u00a0\u00bbNos Traitements\u00a0\u00bb text=\u00a0\u00bbNos m\u00e9decins sont principalement la dentisterie esth\u00e9tique, y compris la proth\u00e8se, l&rsquo;implantologie, la chirurgie, l&rsquo;orthodontie (t\u00e9loth\u00e9rapie), l&rsquo;endodontie (traitement du canal radiculaire), la p\u00e9dodontie (dentisterie pour enfants), la parodontie (maladie des gencives), la dentisterie esth\u00e9tique et holistique, l&rsquo;acupuncture, le traitement des c\u0153urs, le pendule m\u00e9dical offre des options telles que l&rsquo;hypnose.\u00a0\u00bb lg_spacing=\u00a0\u00bbmargin_bottom:40&Prime;][tm_box_icon style=\u00a0\u00bb10&Prime; icon_type=\u00a0\u00bbfontawesome5&Prime; icon_fontawesome5=\u00a0\u00bbfal fa-home-heart\u00a0\u00bb heading=\u00a0\u00bbNotre Clinique\u00a0\u00bb text=\u00a0\u00bbDans notre clinique dot\u00e9e d&rsquo;appareils et d&rsquo;\u00e9quipements \u00e0 la fine pointe de la technologie, nous veillons \u00e0 ce que nos patients obtiennent un sourire esth\u00e9tique sain et atteignent une bouche et des dents saines.\u00a0\u00bb lg_spacing=\u00a0\u00bbmargin_bottom:40&Prime;][tm_spacer size=\u00a0\u00bblg:30&Prime;][\/vc_column][vc_column offset=\u00a0\u00bbvc_col-lg-6&Prime;][tm_image align=\u00a0\u00bbright\u00a0\u00bb md_align=\u00a0\u00bbleft\u00a0\u00bb sm_align=\u00a0\u00bbleft\u00a0\u00bb xs_align=\u00a0\u00bbleft\u00a0\u00bb image=\u00a0\u00bb3030&Prime;][tm_spacer size=\u00a0\u00bblg:60&Prime;][\/vc_column][\/vc_row][vc_row full_width=\u00a0\u00bbstretch_row\u00a0\u00bb lg_spacing=\u00a0\u00bbpadding_top:50;padding_bottom:100&Prime;][vc_column][tm_heading custom_google_font=\u00a0\u00bb\u00a0\u00bb align=\u00a0\u00bbcenter\u00a0\u00bb text=\u00a0\u00bbNos Traitements\u00a0\u00bb font_size=\u00a0\u00bbsm:36;lg:42&Prime;][tm_spacer size=\u00a0\u00bblg:20&Prime;][tm_heading tag=\u00a0\u00bbdiv\u00a0\u00bb custom_google_font=\u00a0\u00bb\u00a0\u00bb align=\u00a0\u00bbcenter\u00a0\u00bb text=\u00a0\u00bbNotre clinique offre toutes sortes de services et travaille constamment sur de nouvelles technologies pour ajouter de nouveaux services sp\u00e9cialis\u00e9s \u00e0 la liste.\u00a0\u00bb font_size=\u00a0\u00bblg:17&Prime; max_width=\u00a0\u00bb630px\u00a0\u00bb][tm_spacer size=\u00a0\u00bblg:60&Prime;][tm_service style=\u00a0\u00bbcarousel_05&Prime; carousel_nav=\u00a0\u00bb5&Prime; carousel_gutter=\u00a0\u00bb30&Prime; number=\u00a0\u00bb3&Prime; carousel_items_display=\u00a0\u00bbxs:1;sm:2;md:3;lg:3&Prime;][tm_spacer size=\u00a0\u00bblg:50&Prime;][vc_column_text]<\/p>\n<p style=\"text-align: center;\">Ne sautez pas votre examen dentaire r\u00e9gulier. <a style=\"text-decoration: underline;\" href=\"..\/randevu-al\/\">Prenez rendez-vous!<\/a><\/p>\n<p>[\/vc_column_text][\/vc_column][\/vc_row][vc_row full_width=\u00a0\u00bbstretch_row_content_no_spaces\u00a0\u00bb custom_border_color=\u00a0\u00bb#ffffff\u00a0\u00bb lg_spacing=\u00a0\u00bbborder_bottom:1&Prime;][vc_column][tm_testimonial style=\u00a0\u00bb8&Prime; number=\u00a0\u00bb9&Prime; loop=\u00a0\u00bb\u00a0\u00bb auto_play=\u00a0\u00bb\u00a0\u00bb nav=\u00a0\u00bb4&Prime; carousel_gutter=\u00a0\u00bblg:0&Prime;][\/vc_column][\/vc_row][vc_row full_width=\u00a0\u00bbstretch_row_content_no_spaces\u00a0\u00bb][vc_column][vc_separator color=\u00a0\u00bbcustom\u00a0\u00bb accent_color=\u00a0\u00bb#eeeeee\u00a0\u00bb][\/vc_column][\/vc_row][vc_row column_separator=\u00a0\u00bb01&Prime; lg_spacing=\u00a0\u00bbpadding_top:60&Prime; md_spacing=\u00a0\u00bbpadding_top:90;padding_bottom:30&Prime;][vc_column width=\u00a0\u00bb1\/4&Prime; offset=\u00a0\u00bbvc_col-lg-3 vc_col-md-6&Prime;][tm_box_icon style=\u00a0\u00bb12&Prime; align=\u00a0\u00bbcenter\u00a0\u00bb icon_type=\u00a0\u00bbfontawesome5&Prime; icon_fontawesome5=\u00a0\u00bbfal fa-map\u00a0\u00bb heading=\u00a0\u00bb\u0130smet Pa\u015fa Mh. Trabzon Cd. Milcan Apt. Kat:3 No:5&Prime; text=\u00a0\u00bbOniki\u015fubat Kahramanmara\u015f \/ T\u00dcRK\u0130YE\u00a0\u00bb][\/vc_column][vc_column width=\u00a0\u00bb1\/4&Prime; offset=\u00a0\u00bbvc_col-lg-3 vc_col-md-6&Prime;][tm_box_icon style=\u00a0\u00bb12&Prime; align=\u00a0\u00bbcenter\u00a0\u00bb icon_type=\u00a0\u00bbfontawesome5&Prime; icon_fontawesome5=\u00a0\u00bbfar fa-phone-alt\u00a0\u00bb heading=\u00a0\u00bb0344 221 80 85&Prime; text=\u00a0\u00bbAppel \u00e0 l&rsquo;aide\u00a0\u00bb link=\u00a0\u00bburl:tel%3A0344%20221%2080%2085&Prime;][\/vc_column][vc_column width=\u00a0\u00bb1\/4&Prime; offset=\u00a0\u00bbvc_col-lg-3 vc_col-md-6&Prime;][tm_box_icon style=\u00a0\u00bb12&Prime; align=\u00a0\u00bbcenter\u00a0\u00bb icon_type=\u00a0\u00bbfontawesome5&Prime; icon_fontawesome5=\u00a0\u00bbfar fa-phone-alt\u00a0\u00bb heading=\u00a0\u00bb0541 186 00 45&Prime; text=\u00a0\u00bbAppel \u00e0 l&rsquo;aide\u00a0\u00bb link=\u00a0\u00bburl:tel%3A0541%20186%2000%2045&Prime;][\/vc_column][vc_column width=\u00a0\u00bb1\/4&Prime; offset=\u00a0\u00bbvc_col-lg-3 vc_col-md-6&Prime;][tm_box_icon style=\u00a0\u00bb12&Prime; align=\u00a0\u00bbcenter\u00a0\u00bb icon_type=\u00a0\u00bbfontawesome5&Prime; icon_fontawesome5=\u00a0\u00bbfal fa-envelope\u00a0\u00bb heading=\u00a0\u00bbinfo@haticesekkeli.com\u00a0\u00bb text=\u00a0\u00bbVeuillez Nous Envoyer Un Mail\u00a0\u00bb link=\u00a0\u00bburl:mailto%3Ainfo%40haticesekkeli.com\u00a0\u00bb][\/vc_column][\/vc_row][vc_row full_width=\u00a0\u00bbstretch_row\u00a0\u00bb background_color=\u00a0\u00bbprimary\u00a0\u00bb lg_spacing=\u00a0\u00bbpadding_top:23;padding_bottom:27&Prime;][vc_column][tm_heading custom_google_font=\u00a0\u00bb\u00a0\u00bb align=\u00a0\u00bbcenter\u00a0\u00bb text_color=\u00a0\u00bbcustom\u00a0\u00bb custom_text_color=\u00a0\u00bb#ffffff\u00a0\u00bb icon_type=\u00a0\u00bbfontawesome5&Prime; icon_fontawesome5=\u00a0\u00bbfal fa-map-marker-alt\u00a0\u00bb text=\u00a0\u00bbVoir notre Polyclinique sur la carte\u00a0\u00bb font_size=\u00a0\u00bblg:26&Prime; icon_font_size=\u00a0\u00bblg:36&Prime; link=\u00a0\u00bbhttps:\/\/goo.gl\/maps\/zVAdF94D59RsHDbR9&Prime;][\/vc_column][\/vc_row]<\/p>\n","protected":false},"excerpt":{"rendered":"<p>[vc_row full_width=\u00a0\u00bbstretch_row\u00a0\u00bb content_placement=\u00a0\u00bbmiddle\u00a0\u00bb lg_spacing=\u00a0\u00bbpadding_top:100;padding_bottom:40&Prime; gutter=\u00a0\u00bbxs:30;sm:50;md:70;lg:100&Prime;][vc_column offset=\u00a0\u00bbvc_col-lg-6&Prime;][tm_heading custom_google_font=\u00a0\u00bb\u00a0\u00bb text=\u00a0\u00bbBienvenue \u00e0 la Clinique de Sant\u00e9 Bucco-Dentaire Dt. Hatice \u015eekkeli\u00a0\u00bb font_size=\u00a0\u00bbsm:36;lg:42&Prime;][tm_spacer size=\u00a0\u00bblg:20&Prime;][tm_heading tag=\u00a0\u00bbdiv\u00a0\u00bb custom_google_font=\u00a0\u00bb\u00a0\u00bb text=\u00a0\u00bbAvec plus de 30 ans d&rsquo;exp\u00e9rience Dt.Hatice \u015eEKKELI, suivant de pr\u00e8s les derniers d\u00e9veloppements, adopte pour fournir un service de traitement dentaire sain \u00e0 ses patients avec une compr\u00e9hension perfectionniste de la plus haute qualit\u00e9 en suivant les derni\u00e8res technologies ax\u00e9es sur la qualit\u00e9 et en les m\u00e9langeant avec une dentisterie holistique.\u00a0\u00bb font_size=\u00a0\u00bblg:17&Prime;][tm_spacer size=\u00a0\u00bblg:50&Prime;][tm_box_icon style=\u00a0\u00bb10&Prime; icon_type=\u00a0\u00bbfontawesome5&Prime; icon_fontawesome5=\u00a0\u00bbfal fa-briefcase-medical\u00a0\u00bb heading=\u00a0\u00bbNos Traitements\u00a0\u00bb text=\u00a0\u00bbNos m\u00e9decins sont principalement la dentisterie esth\u00e9tique, y compris la proth\u00e8se, l&rsquo;implantologie, la chirurgie, l&rsquo;orthodontie (t\u00e9loth\u00e9rapie), l&rsquo;endodontie (traitement du canal radiculaire), la p\u00e9dodontie (dentisterie pour enfants), la parodontie (maladie des gencives), la dentisterie esth\u00e9tique et holistique, l&rsquo;acupuncture, le traitement des c\u0153urs, le pendule m\u00e9dical offre des options telles que l&rsquo;hypnose.\u00a0\u00bb lg_spacing=\u00a0\u00bbmargin_bottom:40&Prime;][tm_box_icon style=\u00a0\u00bb10&Prime; icon_type=\u00a0\u00bbfontawesome5&Prime; icon_fontawesome5=\u00a0\u00bbfal fa-home-heart\u00a0\u00bb heading=\u00a0\u00bbNotre Clinique\u00a0\u00bb text=\u00a0\u00bbDans notre clinique dot\u00e9e d&rsquo;appareils et d&rsquo;\u00e9quipements \u00e0 la fine pointe de la technologie, nous veillons \u00e0 ce que nos patients obtiennent un sourire esth\u00e9tique sain et atteignent une bouche et des dents saines.\u00a0\u00bb lg_spacing=\u00a0\u00bbmargin_bottom:40&Prime;][tm_spacer size=\u00a0\u00bblg:30&Prime;][\/vc_column][vc_column offset=\u00a0\u00bbvc_col-lg-6&Prime;][tm_image align=\u00a0\u00bbright\u00a0\u00bb md_align=\u00a0\u00bbleft\u00a0\u00bb sm_align=\u00a0\u00bbleft\u00a0\u00bb xs_align=\u00a0\u00bbleft\u00a0\u00bb image=\u00a0\u00bb3030&Prime;][tm_spacer size=\u00a0\u00bblg:60&Prime;][\/vc_column][\/vc_row][vc_row full_width=\u00a0\u00bbstretch_row\u00a0\u00bb lg_spacing=\u00a0\u00bbpadding_top:50;padding_bottom:100&Prime;][vc_column][tm_heading custom_google_font=\u00a0\u00bb\u00a0\u00bb align=\u00a0\u00bbcenter\u00a0\u00bb text=\u00a0\u00bbNos Traitements\u00a0\u00bb font_size=\u00a0\u00bbsm:36;lg:42&Prime;][tm_spacer size=\u00a0\u00bblg:20&Prime;][tm_heading tag=\u00a0\u00bbdiv\u00a0\u00bb custom_google_font=\u00a0\u00bb\u00a0\u00bb align=\u00a0\u00bbcenter\u00a0\u00bb text=\u00a0\u00bbNotre clinique offre toutes sortes de services et travaille constamment sur de nouvelles technologies pour ajouter de nouveaux services sp\u00e9cialis\u00e9s \u00e0 la liste.\u00a0\u00bb font_size=\u00a0\u00bblg:17&Prime; max_width=\u00a0\u00bb630px\u00a0\u00bb][tm_spacer size=\u00a0\u00bblg:60&Prime;][tm_service style=\u00a0\u00bbcarousel_05&Prime; carousel_nav=\u00a0\u00bb5&Prime; carousel_gutter=\u00a0\u00bb30&Prime; number=\u00a0\u00bb3&Prime; carousel_items_display=\u00a0\u00bbxs:1;sm:2;md:3;lg:3&Prime;][tm_spacer size=\u00a0\u00bblg:50&Prime;][vc_column_text] Ne sautez pas votre examen dentaire r\u00e9gulier. Prenez rendez-vous! [\/vc_column_text][\/vc_column][\/vc_row][vc_row full_width=\u00a0\u00bbstretch_row_content_no_spaces\u00a0\u00bb custom_border_color=\u00a0\u00bb#ffffff\u00a0\u00bb lg_spacing=\u00a0\u00bbborder_bottom:1&Prime;][vc_column][tm_testimonial style=\u00a0\u00bb8&Prime; number=\u00a0\u00bb9&Prime; loop=\u00a0\u00bb\u00a0\u00bb auto_play=\u00a0\u00bb\u00a0\u00bb nav=\u00a0\u00bb4&Prime; carousel_gutter=\u00a0\u00bblg:0&Prime;][\/vc_column][\/vc_row][vc_row full_width=\u00a0\u00bbstretch_row_content_no_spaces\u00a0\u00bb][vc_column][vc_separator color=\u00a0\u00bbcustom\u00a0\u00bb accent_color=\u00a0\u00bb#eeeeee\u00a0\u00bb][\/vc_column][\/vc_row][vc_row column_separator=\u00a0\u00bb01&Prime; lg_spacing=\u00a0\u00bbpadding_top:60&Prime; md_spacing=\u00a0\u00bbpadding_top:90;padding_bottom:30&Prime;][vc_column width=\u00a0\u00bb1\/4&Prime; offset=\u00a0\u00bbvc_col-lg-3 vc_col-md-6&Prime;][tm_box_icon style=\u00a0\u00bb12&Prime; align=\u00a0\u00bbcenter\u00a0\u00bb icon_type=\u00a0\u00bbfontawesome5&Prime; icon_fontawesome5=\u00a0\u00bbfal fa-map\u00a0\u00bb heading=\u00a0\u00bb\u0130smet Pa\u015fa Mh. Trabzon Cd. Milcan Apt. Kat:3 No:5&Prime; text=\u00a0\u00bbOniki\u015fubat Kahramanmara\u015f \/ T\u00dcRK\u0130YE\u00a0\u00bb][\/vc_column][vc_column width=\u00a0\u00bb1\/4&Prime; offset=\u00a0\u00bbvc_col-lg-3 vc_col-md-6&Prime;][tm_box_icon style=\u00a0\u00bb12&Prime; align=\u00a0\u00bbcenter\u00a0\u00bb icon_type=\u00a0\u00bbfontawesome5&Prime; icon_fontawesome5=\u00a0\u00bbfar fa-phone-alt\u00a0\u00bb heading=\u00a0\u00bb0344 221 80 85&Prime; text=\u00a0\u00bbAppel \u00e0 l&rsquo;aide\u00a0\u00bb link=\u00a0\u00bburl:tel%3A0344%20221%2080%2085&Prime;][\/vc_column][vc_column width=\u00a0\u00bb1\/4&Prime; offset=\u00a0\u00bbvc_col-lg-3 vc_col-md-6&Prime;][tm_box_icon style=\u00a0\u00bb12&Prime; align=\u00a0\u00bbcenter\u00a0\u00bb icon_type=\u00a0\u00bbfontawesome5&Prime; icon_fontawesome5=\u00a0\u00bbfar fa-phone-alt\u00a0\u00bb heading=\u00a0\u00bb0541 186 00 45&Prime; text=\u00a0\u00bbAppel \u00e0 l&rsquo;aide\u00a0\u00bb link=\u00a0\u00bburl:tel%3A0541%20186%2000%2045&Prime;][\/vc_column][vc_column width=\u00a0\u00bb1\/4&Prime; offset=\u00a0\u00bbvc_col-lg-3 vc_col-md-6&Prime;][tm_box_icon style=\u00a0\u00bb12&Prime; align=\u00a0\u00bbcenter\u00a0\u00bb icon_type=\u00a0\u00bbfontawesome5&Prime; icon_fontawesome5=\u00a0\u00bbfal fa-envelope\u00a0\u00bb heading=\u00a0\u00bbinfo@haticesekkeli.com\u00a0\u00bb text=\u00a0\u00bbVeuillez Nous Envoyer Un Mail\u00a0\u00bb link=\u00a0\u00bburl:mailto%3Ainfo%40haticesekkeli.com\u00a0\u00bb][\/vc_column][\/vc_row][vc_row full_width=\u00a0\u00bbstretch_row\u00a0\u00bb background_color=\u00a0\u00bbprimary\u00a0\u00bb lg_spacing=\u00a0\u00bbpadding_top:23;padding_bottom:27&Prime;][vc_column][tm_heading custom_google_font=\u00a0\u00bb\u00a0\u00bb align=\u00a0\u00bbcenter\u00a0\u00bb text_color=\u00a0\u00bbcustom\u00a0\u00bb custom_text_color=\u00a0\u00bb#ffffff\u00a0\u00bb icon_type=\u00a0\u00bbfontawesome5&Prime; icon_fontawesome5=\u00a0\u00bbfal fa-map-marker-alt\u00a0\u00bb text=\u00a0\u00bbVoir notre Polyclinique sur la carte\u00a0\u00bb font_size=\u00a0\u00bblg:26&Prime; icon_font_size=\u00a0\u00bblg:36&Prime; link=\u00a0\u00bbhttps:\/\/goo.gl\/maps\/zVAdF94D59RsHDbR9&Prime;][\/vc_column][\/vc_row]<\/p>\n","protected":false},"author":1,"featured_media":0,"parent":0,"menu_order":0,"comment_status":"closed","ping_status":"closed","template":"","meta":{"footnotes":""},"class_list":["post-4096","page","type-page","status-publish","hentry"],"_links":{"self":[{"href":"https:\/\/haticesekkeli.com\/fr\/wp-json\/wp\/v2\/pages\/4096"}],"collection":[{"href":"https:\/\/haticesekkeli.com\/fr\/wp-json\/wp\/v2\/pages"}],"about":[{"href":"https:\/\/haticesekkeli.com\/fr\/wp-json\/wp\/v2\/types\/page"}],"author":[{"embeddable":true,"href":"https:\/\/haticesekkeli.com\/fr\/wp-json\/wp\/v2\/users\/1"}],"replies":[{"embeddable":true,"href":"https:\/\/haticesekkeli.com\/fr\/wp-json\/wp\/v2\/comments?post=4096"}],"version-history":[{"count":1,"href":"https:\/\/haticesekkeli.com\/fr\/wp-json\/wp\/v2\/pages\/4096\/revisions"}],"predecessor-version":[{"id":4121,"href":"https:\/\/haticesekkeli.com\/fr\/wp-json\/wp\/v2\/pages\/4096\/revisions\/4121"}],"wp:attachment":[{"href":"https:\/\/haticesekkeli.com\/fr\/wp-json\/wp\/v2\/media?parent=4096"}],"curies":[{"name":"wp","href":"https:\/\/api.w.org\/{rel}","templated":true}]}}