{"id":4075,"date":"2019-07-01T07:40:28","date_gmt":"2019-07-01T07:40:28","guid":{"rendered":"http:\/\/haticesekkeli.com\/communication\/"},"modified":"2022-07-04T11:33:18","modified_gmt":"2022-07-04T11:33:18","slug":"communication","status":"publish","type":"page","link":"https:\/\/haticesekkeli.com\/fr\/communication\/","title":{"rendered":"Communication"},"content":{"rendered":"<p>[vc_row full_width=\u00a0\u00bbstretch_row_content_no_spaces\u00a0\u00bb][vc_column][vc_column_text]<iframe loading=\"lazy\" style=\"border: 0;\" src=\"https:\/\/www.google.com\/maps\/embed?pb=!1m14!1m8!1m3!1d1329.4415806841037!2d36.92831486939211!3d37.57949427791675!3m2!1i1024!2i768!4f13.1!3m3!1m2!1s0x0%3A0xfc70743614641d06!2sDr.%20Hatice%20%C5%9Eekkeli!5e0!3m2!1str!2str!4v1655301845980!5m2!1str!2str\" width=\"100%\" height=\"450\" allowfullscreen=\"allowfullscreen\"><\/iframe>[\/vc_column_text][\/vc_column][\/vc_row][vc_row full_width=\u00a0\u00bbstretch_row\u00a0\u00bb lg_spacing=\u00a0\u00bbpadding_top:100;padding_bottom:40&Prime;][vc_column offset=\u00a0\u00bbvc_col-lg-7 vc_col-md-8&Prime;][tm_heading custom_google_font=\u00a0\u00bb\u00a0\u00bb text=\u00a0\u00bbContacter\u00a0\u00bb font_size=\u00a0\u00bblg:42&Prime;][tm_spacer size=\u00a0\u00bblg:20&Prime;][tm_heading tag=\u00a0\u00bbdiv\u00a0\u00bb custom_google_font=\u00a0\u00bb\u00a0\u00bb text=\u00a0\u00bbNous v\u00e9rifions votre \u00e9tat dentaire actuel et d\u00e9cidons de votre traitement. Nos sp\u00e9cialistes prendront soin de votre sourire avec d\u00e9vouement.\u00a0\u00bb font_size=\u00a0\u00bblg:17&Prime;][tm_spacer size=\u00a0\u00bblg:60&Prime;][tm_contact_form_7 id=\u00a0\u00bb839&Prime;][tm_spacer size=\u00a0\u00bblg:60&Prime;][\/vc_column][vc_column offset=\u00a0\u00bbvc_col-lg-offset-1 vc_col-lg-4 vc_col-md-4&Prime;][vc_row_inner box_shadow=\u00a0\u00bb0 0 40px rgba(0,0,0,0.06)\u00a0\u00bb lg_spacing=\u00a0\u00bbmargin_right:0;margin_left:0&Prime;][vc_column_inner][tm_spacer size=\u00a0\u00bblg:50&Prime;][tm_box_icon style=\u00a0\u00bb12&Prime; align=\u00a0\u00bbcenter\u00a0\u00bb icon_type=\u00a0\u00bbfontawesome5&Prime; icon_fontawesome5=\u00a0\u00bbfal fa-map\u00a0\u00bb heading=\u00a0\u00bb\u0130smet Pa\u015fa Mh. Trabzon Cd. Milcan Apt. Kat:3 No:5&Prime; text=\u00a0\u00bbOniki\u015fubat Kahramanmara\u015f \/ T\u00dcRK\u0130YE\u00a0\u00bb lg_spacing=\u00a0\u00bbmargin_bottom:50&Prime;][tm_box_icon style=\u00a0\u00bb12&Prime; align=\u00a0\u00bbcenter\u00a0\u00bb icon_type=\u00a0\u00bbfontawesome5&Prime; icon_fontawesome5=\u00a0\u00bbfar fa-phone-alt\u00a0\u00bb heading=\u00a0\u00bb0344 221 80 85&Prime; text=\u00a0\u00bbAppel \u00e0 l&rsquo;aide\u00a0\u00bb link=\u00a0\u00bburl:tel%3A0344%20221%2080%2085&Prime; lg_spacing=\u00a0\u00bbmargin_bottom:50&Prime;][tm_box_icon style=\u00a0\u00bb12&Prime; align=\u00a0\u00bbcenter\u00a0\u00bb icon_type=\u00a0\u00bbfontawesome5&Prime; icon_fontawesome5=\u00a0\u00bbfar fa-phone-alt\u00a0\u00bb heading=\u00a0\u00bb0541 186 00 45&Prime; text=\u00a0\u00bbAppel \u00e0 l&rsquo;aide\u00a0\u00bb link=\u00a0\u00bburl:tel%3A0541%20186%2000%2045&Prime; lg_spacing=\u00a0\u00bbmargin_bottom:50&Prime;][tm_box_icon style=\u00a0\u00bb12&Prime; align=\u00a0\u00bbcenter\u00a0\u00bb icon_type=\u00a0\u00bbfontawesome5&Prime; icon_fontawesome5=\u00a0\u00bbfal fa-envelope\u00a0\u00bb heading=\u00a0\u00bbinfo@haticesekkeli.com\u00a0\u00bb text=\u00a0\u00bbVeuillez Nous Envoyer Un Mail\u00a0\u00bb link=\u00a0\u00bburl:mailto%3Ainfo%40haticesekkeli.com\u00a0\u00bb lg_spacing=\u00a0\u00bbmargin_bottom:50&Prime;][tm_box_icon style=\u00a0\u00bb12&Prime; align=\u00a0\u00bbcenter\u00a0\u00bb icon_type=\u00a0\u00bbfontawesome5&Prime; icon_fontawesome5=\u00a0\u00bbfal fa-clock\u00a0\u00bb heading=\u00a0\u00bbLundi-Samedi : 08.00 &#8211; 18.00&Prime; text=\u00a0\u00bbNos Heures De Travail\u00a0\u00bb link=\u00a0\u00bb|||\u00a0\u00bb lg_spacing=\u00a0\u00bbmargin_bottom:50&Prime;][tm_spacer size=\u00a0\u00bblg:10&Prime;][\/vc_column_inner][\/vc_row_inner][tm_spacer size=\u00a0\u00bblg:60&Prime;][\/vc_column][\/vc_row]<\/p>\n","protected":false},"excerpt":{"rendered":"<p>[vc_row full_width=\u00a0\u00bbstretch_row_content_no_spaces\u00a0\u00bb][vc_column][vc_column_text][\/vc_column_text][\/vc_column][\/vc_row][vc_row full_width=\u00a0\u00bbstretch_row\u00a0\u00bb lg_spacing=\u00a0\u00bbpadding_top:100;padding_bottom:40&Prime;][vc_column offset=\u00a0\u00bbvc_col-lg-7 vc_col-md-8&Prime;][tm_heading custom_google_font=\u00a0\u00bb\u00a0\u00bb text=\u00a0\u00bbContacter\u00a0\u00bb font_size=\u00a0\u00bblg:42&Prime;][tm_spacer size=\u00a0\u00bblg:20&Prime;][tm_heading tag=\u00a0\u00bbdiv\u00a0\u00bb custom_google_font=\u00a0\u00bb\u00a0\u00bb text=\u00a0\u00bbNous v\u00e9rifions votre \u00e9tat dentaire actuel et d\u00e9cidons de votre traitement. Nos sp\u00e9cialistes prendront soin de votre sourire avec d\u00e9vouement.\u00a0\u00bb font_size=\u00a0\u00bblg:17&Prime;][tm_spacer size=\u00a0\u00bblg:60&Prime;][tm_contact_form_7 id=\u00a0\u00bb839&Prime;][tm_spacer size=\u00a0\u00bblg:60&Prime;][\/vc_column][vc_column offset=\u00a0\u00bbvc_col-lg-offset-1 vc_col-lg-4 vc_col-md-4&Prime;][vc_row_inner box_shadow=\u00a0\u00bb0 0 40px rgba(0,0,0,0.06)\u00a0\u00bb lg_spacing=\u00a0\u00bbmargin_right:0;margin_left:0&Prime;][vc_column_inner][tm_spacer size=\u00a0\u00bblg:50&Prime;][tm_box_icon style=\u00a0\u00bb12&Prime; align=\u00a0\u00bbcenter\u00a0\u00bb icon_type=\u00a0\u00bbfontawesome5&Prime; icon_fontawesome5=\u00a0\u00bbfal fa-map\u00a0\u00bb heading=\u00a0\u00bb\u0130smet Pa\u015fa Mh. Trabzon Cd. Milcan Apt. Kat:3 No:5&Prime; text=\u00a0\u00bbOniki\u015fubat Kahramanmara\u015f \/ T\u00dcRK\u0130YE\u00a0\u00bb lg_spacing=\u00a0\u00bbmargin_bottom:50&Prime;][tm_box_icon style=\u00a0\u00bb12&Prime; align=\u00a0\u00bbcenter\u00a0\u00bb icon_type=\u00a0\u00bbfontawesome5&Prime; icon_fontawesome5=\u00a0\u00bbfar fa-phone-alt\u00a0\u00bb heading=\u00a0\u00bb0344 221 80 85&Prime; text=\u00a0\u00bbAppel \u00e0 l&rsquo;aide\u00a0\u00bb link=\u00a0\u00bburl:tel%3A0344%20221%2080%2085&Prime; lg_spacing=\u00a0\u00bbmargin_bottom:50&Prime;][tm_box_icon style=\u00a0\u00bb12&Prime; align=\u00a0\u00bbcenter\u00a0\u00bb icon_type=\u00a0\u00bbfontawesome5&Prime; icon_fontawesome5=\u00a0\u00bbfar fa-phone-alt\u00a0\u00bb heading=\u00a0\u00bb0541 186 00 45&Prime; text=\u00a0\u00bbAppel \u00e0 l&rsquo;aide\u00a0\u00bb link=\u00a0\u00bburl:tel%3A0541%20186%2000%2045&Prime; lg_spacing=\u00a0\u00bbmargin_bottom:50&Prime;][tm_box_icon style=\u00a0\u00bb12&Prime; align=\u00a0\u00bbcenter\u00a0\u00bb icon_type=\u00a0\u00bbfontawesome5&Prime; icon_fontawesome5=\u00a0\u00bbfal fa-envelope\u00a0\u00bb heading=\u00a0\u00bbinfo@haticesekkeli.com\u00a0\u00bb text=\u00a0\u00bbVeuillez Nous Envoyer Un Mail\u00a0\u00bb link=\u00a0\u00bburl:mailto%3Ainfo%40haticesekkeli.com\u00a0\u00bb lg_spacing=\u00a0\u00bbmargin_bottom:50&Prime;][tm_box_icon style=\u00a0\u00bb12&Prime; align=\u00a0\u00bbcenter\u00a0\u00bb icon_type=\u00a0\u00bbfontawesome5&Prime; icon_fontawesome5=\u00a0\u00bbfal fa-clock\u00a0\u00bb heading=\u00a0\u00bbLundi-Samedi : 08.00 &#8211; 18.00&Prime; text=\u00a0\u00bbNos Heures De Travail\u00a0\u00bb link=\u00a0\u00bb|||\u00a0\u00bb lg_spacing=\u00a0\u00bbmargin_bottom:50&Prime;][tm_spacer size=\u00a0\u00bblg:10&Prime;][\/vc_column_inner][\/vc_row_inner][tm_spacer size=\u00a0\u00bblg:60&Prime;][\/vc_column][\/vc_row]<\/p>\n","protected":false},"author":1,"featured_media":0,"parent":0,"menu_order":0,"comment_status":"closed","ping_status":"closed","template":"","meta":{"footnotes":""},"class_list":["post-4075","page","type-page","status-publish","hentry"],"_links":{"self":[{"href":"https:\/\/haticesekkeli.com\/fr\/wp-json\/wp\/v2\/pages\/4075"}],"collection":[{"href":"https:\/\/haticesekkeli.com\/fr\/wp-json\/wp\/v2\/pages"}],"about":[{"href":"https:\/\/haticesekkeli.com\/fr\/wp-json\/wp\/v2\/types\/page"}],"author":[{"embeddable":true,"href":"https:\/\/haticesekkeli.com\/fr\/wp-json\/wp\/v2\/users\/1"}],"replies":[{"embeddable":true,"href":"https:\/\/haticesekkeli.com\/fr\/wp-json\/wp\/v2\/comments?post=4075"}],"version-history":[{"count":2,"href":"https:\/\/haticesekkeli.com\/fr\/wp-json\/wp\/v2\/pages\/4075\/revisions"}],"predecessor-version":[{"id":4131,"href":"https:\/\/haticesekkeli.com\/fr\/wp-json\/wp\/v2\/pages\/4075\/revisions\/4131"}],"wp:attachment":[{"href":"https:\/\/haticesekkeli.com\/fr\/wp-json\/wp\/v2\/media?parent=4075"}],"curies":[{"name":"wp","href":"https:\/\/api.w.org\/{rel}","templated":true}]}}