{"id":4018,"date":"2019-04-23T02:51:20","date_gmt":"2019-04-23T02:51:20","guid":{"rendered":"http:\/\/haticesekkeli.com\/page-daccueil\/"},"modified":"2022-07-04T14:36:57","modified_gmt":"2022-07-04T14:36:57","slug":"page-daccueil","status":"publish","type":"page","link":"https:\/\/haticesekkeli.com\/fr\/","title":{"rendered":"Page d&rsquo;accueil"},"content":{"rendered":"<p>[vc_row full_width=\u00a0\u00bbstretch_row\u00a0\u00bb column_separator=\u00a0\u00bb02&Prime; background_color=\u00a0\u00bbgradient\u00a0\u00bb background_gradient=\u00a0\u00bbbackground: -webkit-gradient(linear, left top, left bottom, color-stop(0%, #F2F6F9), color-stop(79%, #FFFFFF));background: -moz-linear-gradient(top,#F2F6F9 0%,#FFFFFF 79%);background: -webkit-linear-gradient(top,#F2F6F9 0%,#FFFFFF 79%);background: -o-linear-gradient(top,#F2F6F9 0%,#FFFFFF 79%);background: -ms-linear-gradient(top,#F2F6F9 0%,#FFFFFF 79%);background: linear-gradient(top,#F2F6F9 0%,#FFFFFF 79%);\u00a0\u00bb][vc_column][vc_row_inner gutter=\u00a0\u00bbsm:30;md:40;lg:60&Prime;][vc_column_inner offset=\u00a0\u00bbvc_col-lg-6&Prime;][tm_spacer size=\u00a0\u00bblg:60&Prime;][tm_heading tag=\u00a0\u00bbh2&Prime; custom_google_font=\u00a0\u00bb\u00a0\u00bb font_weight=\u00a0\u00bb500&Prime; text_transform=\u00a0\u00bbuppercase\u00a0\u00bb text_color=\u00a0\u00bbcustom\u00a0\u00bb custom_text_color=\u00a0\u00bb#486683&Prime; text=\u00a0\u00bbDT. Hatice \u015eekkeli\u00a0\u00bb font_size=\u00a0\u00bblg:14&Prime; letter_spacing=\u00a0\u00bb1.75px\u00a0\u00bb][tm_spacer size=\u00a0\u00bblg:15&Prime;][tm_heading custom_google_font=\u00a0\u00bb\u00a0\u00bb text=\u00a0\u00bbTechnologie m\u00e9dicale moderne et dentisterie holistique ensemble !\u00a0\u00bb font_size=\u00a0\u00bbxs:36;lg:42&Prime;][tm_spacer size=\u00a0\u00bblg:20&Prime;][tm_heading tag=\u00a0\u00bbdiv\u00a0\u00bb custom_google_font=\u00a0\u00bb\u00a0\u00bb text=\u00a0\u00bbAvec plus de 30 ans d&rsquo;exp\u00e9rience, Dt.Hatice \u015eEKKEL\u0130 adopte pour fournir des services de soins dentaires sains en suivant de pr\u00e8s les d\u00e9veloppements actuels, avec la plus haute qualit\u00e9, une compr\u00e9hension perfectionniste, ax\u00e9e sur la qualit\u00e9 et en suivant les derni\u00e8res technologies et en les m\u00e9langeant avec la dentisterie holistique.\u00a0\u00bb font_size=\u00a0\u00bblg:17&Prime;][tm_spacer size=\u00a0\u00bblg:20&Prime;][tm_button style=\u00a0\u00bbtext\u00a0\u00bb icon_type=\u00a0\u00bbfontawesome5&Prime; icon_fontawesome5=\u00a0\u00bbfar fa-long-arrow-alt-right\u00a0\u00bb color=\u00a0\u00bbcustom\u00a0\u00bb button_bg_color=\u00a0\u00bb\u00a0\u00bb font_color=\u00a0\u00bbsecondary\u00a0\u00bb button_border_color=\u00a0\u00bb\u00a0\u00bb button_icon_color=\u00a0\u00bbprimary\u00a0\u00bb button_bg_color_hover=\u00a0\u00bb\u00a0\u00bb font_color_hover=\u00a0\u00bb\u00a0\u00bb button_border_color_hover=\u00a0\u00bb\u00a0\u00bb button_icon_color_hover=\u00a0\u00bb\u00a0\u00bb button=\u00a0\u00bburl:https%3A%2F%2Fwww.dentarte.com.tr%2Fnew%2Fabout-us-2%2F|title:informations%20d%C3%A9taill%C3%A9es\u00a0\u00bb][tm_spacer size=\u00a0\u00bbmd:35;lg:30&Prime;][\/vc_column_inner][vc_column_inner offset=\u00a0\u00bbvc_col-lg-6&Prime;][tm_spacer size=\u00a0\u00bblg:30&Prime;][tm_image image=\u00a0\u00bb3006&Prime;][tm_spacer size=\u00a0\u00bblg:30&Prime;][\/vc_column_inner][\/vc_row_inner][tm_spacer size=\u00a0\u00bbxs:80;lg:40&Prime;][\/vc_column][\/vc_row][vc_row full_width=\u00a0\u00bbstretch_row_content_no_spaces\u00a0\u00bb background_color=\u00a0\u00bbcustom\u00a0\u00bb custom_background_color=\u00a0\u00bb#f2f6f9&Prime;][vc_column][tm_service style=\u00a0\u00bbcarousel_05&Prime; carousel_loop=\u00a0\u00bb\u00a0\u00bb equal_height=\u00a0\u00bb1&Prime; carousel_nav=\u00a0\u00bb7&Prime; carousel_pagination=\u00a0\u00bb6&Prime; carousel_gutter=\u00a0\u00bb0&Prime; number=\u00a0\u00bb10&Prime; carousel_auto_play=\u00a0\u00bb3000&Prime; carousel_items_display=\u00a0\u00bbxs:1;sm:2;md:3;lg:4&Prime;][\/vc_column][\/vc_row][vc_row full_width=\u00a0\u00bbstretch_row\u00a0\u00bb background_color=\u00a0\u00bbsecondary\u00a0\u00bb][vc_column content_alignment=\u00a0\u00bbcenter\u00a0\u00bb][tm_spacer size=\u00a0\u00bblg:100&Prime;][tm_heading custom_google_font=\u00a0\u00bb\u00a0\u00bb font_weight=\u00a0\u00bb500&Prime; text_transform=\u00a0\u00bbuppercase\u00a0\u00bb align=\u00a0\u00bbcenter\u00a0\u00bb text_color=\u00a0\u00bbcustom\u00a0\u00bb custom_text_color=\u00a0\u00bb#ffffff\u00a0\u00bb text=\u00a0\u00bbPourquoi choisir notre clinique ?\u00a0\u00bb font_size=\u00a0\u00bblg:14&Prime; letter_spacing=\u00a0\u00bb1.75px\u00a0\u00bb][tm_spacer size=\u00a0\u00bblg:15&Prime;][tm_heading custom_google_font=\u00a0\u00bb\u00a0\u00bb align=\u00a0\u00bbcenter\u00a0\u00bb text_color=\u00a0\u00bbcustom\u00a0\u00bb custom_text_color=\u00a0\u00bb#ffffff\u00a0\u00bb text=\u00a0\u00bbRaisons de nous choisir\u00a0\u00bb font_size=\u00a0\u00bbxs:36;lg:42&Prime;][tm_spacer size=\u00a0\u00bblg:70&Prime;][vc_row_inner gutter=\u00a0\u00bbsm:30;md:50;lg:70&Prime;][vc_column_inner offset=\u00a0\u00bbvc_col-lg-4&Prime;][tm_box_icon style=\u00a0\u00bb10&Prime; icon_type=\u00a0\u00bbfontawesome5&Prime; icon_fontawesome5=\u00a0\u00bbfal fa-home-heart\u00a0\u00bb heading_color=\u00a0\u00bbcustom\u00a0\u00bb custom_heading_color=\u00a0\u00bb#ffffff\u00a0\u00bb icon_color=\u00a0\u00bbcustom\u00a0\u00bb custom_icon_color=\u00a0\u00bb#ffffff\u00a0\u00bb text_color=\u00a0\u00bbcustom\u00a0\u00bb custom_text_color=\u00a0\u00bb#ffffff\u00a0\u00bb heading=\u00a0\u00bbApprochez-Le Avec Amour\u00a0\u00bb text=\u00a0\u00bbNous nous soucions de votre sant\u00e9 dentaire avec une grande compassion et compr\u00e9hension afin que vous puissiez avoir le plus beau sourire.\u00a0\u00bb][\/vc_column_inner][vc_column_inner offset=\u00a0\u00bbvc_col-lg-4&Prime;][tm_box_icon style=\u00a0\u00bb10&Prime; icon_type=\u00a0\u00bbfontawesome5&Prime; icon_fontawesome5=\u00a0\u00bbfal fa-laugh\u00a0\u00bb heading_color=\u00a0\u00bbcustom\u00a0\u00bb custom_heading_color=\u00a0\u00bb#ffffff\u00a0\u00bb icon_color=\u00a0\u00bbcustom\u00a0\u00bb custom_icon_color=\u00a0\u00bb#ffffff\u00a0\u00bb text_color=\u00a0\u00bbcustom\u00a0\u00bb custom_text_color=\u00a0\u00bb#ffffff\u00a0\u00bb heading=\u00a0\u00bbSmiley\u00a0\u00bb text=\u00a0\u00bbLe sourire sur les visages de nos m\u00e9decins ne s&rsquo;efface jamais car ils veulent toujours cr\u00e9er une atmosph\u00e8re dans laquelle vous vous sentez \u00e0 l&rsquo;aise.\u00a0\u00bb][\/vc_column_inner][vc_column_inner offset=\u00a0\u00bbvc_col-lg-4&Prime;][tm_box_icon style=\u00a0\u00bb10&Prime; icon_type=\u00a0\u00bbfontawesome5&Prime; icon_fontawesome5=\u00a0\u00bbfal fa-briefcase-medical\u00a0\u00bb heading_color=\u00a0\u00bbcustom\u00a0\u00bb custom_heading_color=\u00a0\u00bb#ffffff\u00a0\u00bb icon_color=\u00a0\u00bbcustom\u00a0\u00bb custom_icon_color=\u00a0\u00bb#ffffff\u00a0\u00bb text_color=\u00a0\u00bbcustom\u00a0\u00bb custom_text_color=\u00a0\u00bb#ffffff\u00a0\u00bb heading=\u00a0\u00bbSoutien Continu\u00a0\u00bb text=\u00a0\u00bbNous sommes pr\u00eats \u00e0 v\u00e9rifier tout probl\u00e8me dentaire dans notre centre et 24 heures sur 24, m\u00eame les week-ends et les jours f\u00e9ri\u00e9s.\u00a0\u00bb][\/vc_column_inner][\/vc_row_inner][vc_row_inner gutter=\u00a0\u00bbsm:30;md:50;lg:70&Prime;][vc_column_inner offset=\u00a0\u00bbvc_col-lg-4&Prime;][tm_box_icon style=\u00a0\u00bb10&Prime; icon_type=\u00a0\u00bbfontawesome5&Prime; icon_fontawesome5=\u00a0\u00bbfal fa-stethoscope\u00a0\u00bb heading_color=\u00a0\u00bbcustom\u00a0\u00bb custom_heading_color=\u00a0\u00bb#ffffff\u00a0\u00bb icon_color=\u00a0\u00bbcustom\u00a0\u00bb custom_icon_color=\u00a0\u00bb#ffffff\u00a0\u00bb text_color=\u00a0\u00bbcustom\u00a0\u00bb custom_text_color=\u00a0\u00bb#ffffff\u00a0\u00bb heading=\u00a0\u00bbLe Diagnostic Le Plus Pr\u00e9cis\u00a0\u00bb text=\u00a0\u00bbLorsque nos dents sont pourries ou endommag\u00e9es, nous utilisons des outils modernes pour localiser la zone et fournir un traitement.\u00a0\u00bb][\/vc_column_inner][vc_column_inner offset=\u00a0\u00bbvc_col-lg-4&Prime;][tm_box_icon style=\u00a0\u00bb10&Prime; icon_type=\u00a0\u00bbfontawesome5&Prime; icon_fontawesome5=\u00a0\u00bbfal fa-tooth\u00a0\u00bb heading_color=\u00a0\u00bbcustom\u00a0\u00bb custom_heading_color=\u00a0\u00bb#ffffff\u00a0\u00bb icon_color=\u00a0\u00bbcustom\u00a0\u00bb custom_icon_color=\u00a0\u00bb#ffffff\u00a0\u00bb text_color=\u00a0\u00bbcustom\u00a0\u00bb custom_text_color=\u00a0\u00bb#ffffff\u00a0\u00bb heading=\u00a0\u00bbContr\u00f4les R\u00e9guliers\u00a0\u00bb text=\u00a0\u00bbNous effectuons des bilans de sant\u00e9 dentaires annuels et offrons de nombreuses promotions aux membres de la polyclinique.\u00a0\u00bb][\/vc_column_inner][vc_column_inner offset=\u00a0\u00bbvc_col-lg-4&Prime;][tm_box_icon style=\u00a0\u00bb10&Prime; icon_type=\u00a0\u00bbfontawesome5&Prime; icon_fontawesome5=\u00a0\u00bbfal fa-credit-card-blank\u00a0\u00bb heading_color=\u00a0\u00bbcustom\u00a0\u00bb custom_heading_color=\u00a0\u00bb#ffffff\u00a0\u00bb icon_color=\u00a0\u00bbcustom\u00a0\u00bb custom_icon_color=\u00a0\u00bb#ffffff\u00a0\u00bb text_color=\u00a0\u00bbcustom\u00a0\u00bb custom_text_color=\u00a0\u00bb#ffffff\u00a0\u00bb heading=\u00a0\u00bbR\u00e9mun\u00e9ration Flexible\u00a0\u00bb text=\u00a0\u00bbVous pouvez choisir l&rsquo;un des modes de paiement les plus pratiques pour les services que vous recevrez. Esp\u00e8ces, carte de cr\u00e9dit, paiement \u00e9chelonn\u00e9&#8230;\u00a0\u00bb][\/vc_column_inner][\/vc_row_inner][tm_spacer size=\u00a0\u00bblg:30&Prime;][\/vc_column][\/vc_row][vc_row full_width=\u00a0\u00bbstretch_row\u00a0\u00bb background_color=\u00a0\u00bbcustom\u00a0\u00bb lg_spacing=\u00a0\u00bbpadding_top:100;padding_bottom:100&Prime; custom_background_color=\u00a0\u00bb#f6f5f9&Prime;][vc_column][tm_heading custom_google_font=\u00a0\u00bb\u00a0\u00bb align=\u00a0\u00bbcenter\u00a0\u00bb text=\u00a0\u00bbNouvelles et blog de notre clinique\u00a0\u00bb font_size=\u00a0\u00bbxs:36;lg:42&Prime;][tm_spacer size=\u00a0\u00bblg:20&Prime;][tm_heading tag=\u00a0\u00bbdiv\u00a0\u00bb custom_google_font=\u00a0\u00bb\u00a0\u00bb align=\u00a0\u00bbcenter\u00a0\u00bb text=\u00a0\u00bbRestez \u00e0 l&rsquo;\u00e9coute de nos actualit\u00e9s et \u00e9v\u00e9nements dans le domaine de la dentisterie r\u00e9dig\u00e9s par nos experts de la clinique de sant\u00e9 bucco-dentaire Dt.Hatice \u015eEKKEL\u0130.\u00a0\u00bb font_size=\u00a0\u00bblg:17&Prime; max_width=\u00a0\u00bb630px\u00a0\u00bb][tm_spacer size=\u00a0\u00bblg:60&Prime;][vc_row_inner][vc_column_inner offset=\u00a0\u00bbvc_col-lg-8&Prime;][tm_blog style=\u00a0\u00bbgrid_classic_01&Prime; gutter=\u00a0\u00bb30&Prime; number=\u00a0\u00bb2&Prime; columns=\u00a0\u00bbxs:1;sm:2;lg:2&Prime;][tm_spacer size=\u00a0\u00bbmd:60&Prime;][\/vc_column_inner][vc_column_inner offset=\u00a0\u00bbvc_col-lg-4&Prime;][tm_blog style=\u00a0\u00bblist_simple_02&Prime; number=\u00a0\u00bb3&Prime;][\/vc_column_inner][\/vc_row_inner][\/vc_column][\/vc_row][vc_row full_width=\u00a0\u00bbstretch_row\u00a0\u00bb overlay_background=\u00a0\u00bbcustom\u00a0\u00bb overlay_opacity=\u00a0\u00bb50&Prime; background_image=\u00a0\u00bb907&Prime; lg_spacing=\u00a0\u00bbpadding_top:133;padding_bottom:122&Prime;][vc_column][tm_heading custom_google_font=\u00a0\u00bb\u00a0\u00bb font_weight=\u00a0\u00bb700&Prime; align=\u00a0\u00bbcenter\u00a0\u00bb text_color=\u00a0\u00bbcustom\u00a0\u00bb custom_text_color=\u00a0\u00bb#ffffff\u00a0\u00bb text=\u00a0\u00bbNous nous soucions de votre sant\u00e9 dentaire\u00a0\u00bb font_size=\u00a0\u00bbsm:18;lg:22&Prime;][tm_spacer size=\u00a0\u00bblg:15&Prime;][tm_heading custom_google_font=\u00a0\u00bb\u00a0\u00bb font_weight=\u00a0\u00bb700&Prime; align=\u00a0\u00bbcenter\u00a0\u00bb text_color=\u00a0\u00bbcustom\u00a0\u00bb custom_text_color=\u00a0\u00bb#ffffff\u00a0\u00bb text=\u00a0\u00bbSourire parfait avec nous\u00a0\u00bb font_size=\u00a0\u00bbxs:36;sm:40;lg:60&Prime;][tm_spacer size=\u00a0\u00bblg:25&Prime;][tm_button style=\u00a0\u00bbmodern\u00a0\u00bb align=\u00a0\u00bbcenter\u00a0\u00bb button=\u00a0\u00bburl:http%3A%2F%2Fhaticesekkeli.com%2Frandevu-al%2F|title:prendre%20rendez-vous\u00a0\u00bb][\/vc_column][\/vc_row]<\/p>\n","protected":false},"excerpt":{"rendered":"<p>[vc_row full_width=\u00a0\u00bbstretch_row\u00a0\u00bb column_separator=\u00a0\u00bb02&Prime; background_color=\u00a0\u00bbgradient\u00a0\u00bb background_gradient=\u00a0\u00bbbackground: -webkit-gradient(linear, left top, left bottom, color-stop(0%, #F2F6F9), color-stop(79%, #FFFFFF));background: -moz-linear-gradient(top,#F2F6F9 0%,#FFFFFF 79%);background: -webkit-linear-gradient(top,#F2F6F9 0%,#FFFFFF 79%);background: -o-linear-gradient(top,#F2F6F9 0%,#FFFFFF 79%);background: -ms-linear-gradient(top,#F2F6F9 0%,#FFFFFF 79%);background: linear-gradient(top,#F2F6F9 0%,#FFFFFF 79%);\u00a0\u00bb][vc_column][vc_row_inner gutter=\u00a0\u00bbsm:30;md:40;lg:60&Prime;][vc_column_inner offset=\u00a0\u00bbvc_col-lg-6&Prime;][tm_spacer size=\u00a0\u00bblg:60&Prime;][tm_heading tag=\u00a0\u00bbh2&Prime; custom_google_font=\u00a0\u00bb\u00a0\u00bb font_weight=\u00a0\u00bb500&Prime; text_transform=\u00a0\u00bbuppercase\u00a0\u00bb text_color=\u00a0\u00bbcustom\u00a0\u00bb custom_text_color=\u00a0\u00bb#486683&Prime; text=\u00a0\u00bbDT. Hatice \u015eekkeli\u00a0\u00bb font_size=\u00a0\u00bblg:14&Prime; letter_spacing=\u00a0\u00bb1.75px\u00a0\u00bb][tm_spacer size=\u00a0\u00bblg:15&Prime;][tm_heading custom_google_font=\u00a0\u00bb\u00a0\u00bb text=\u00a0\u00bbTechnologie m\u00e9dicale moderne et dentisterie holistique ensemble !\u00a0\u00bb font_size=\u00a0\u00bbxs:36;lg:42&Prime;][tm_spacer size=\u00a0\u00bblg:20&Prime;][tm_heading tag=\u00a0\u00bbdiv\u00a0\u00bb custom_google_font=\u00a0\u00bb\u00a0\u00bb text=\u00a0\u00bbAvec plus de 30 ans d&rsquo;exp\u00e9rience, Dt.Hatice \u015eEKKEL\u0130 adopte pour fournir des services de soins dentaires sains en suivant de pr\u00e8s les d\u00e9veloppements actuels, avec la plus haute qualit\u00e9, une compr\u00e9hension perfectionniste, ax\u00e9e sur la qualit\u00e9 et en suivant les derni\u00e8res technologies et en les m\u00e9langeant avec la dentisterie holistique.\u00a0\u00bb font_size=\u00a0\u00bblg:17&Prime;][tm_spacer size=\u00a0\u00bblg:20&Prime;][tm_button style=\u00a0\u00bbtext\u00a0\u00bb icon_type=\u00a0\u00bbfontawesome5&Prime; icon_fontawesome5=\u00a0\u00bbfar fa-long-arrow-alt-right\u00a0\u00bb color=\u00a0\u00bbcustom\u00a0\u00bb button_bg_color=\u00a0\u00bb\u00a0\u00bb font_color=\u00a0\u00bbsecondary\u00a0\u00bb button_border_color=\u00a0\u00bb\u00a0\u00bb button_icon_color=\u00a0\u00bbprimary\u00a0\u00bb button_bg_color_hover=\u00a0\u00bb\u00a0\u00bb font_color_hover=\u00a0\u00bb\u00a0\u00bb button_border_color_hover=\u00a0\u00bb\u00a0\u00bb button_icon_color_hover=\u00a0\u00bb\u00a0\u00bb button=\u00a0\u00bburl:https%3A%2F%2Fwww.dentarte.com.tr%2Fnew%2Fabout-us-2%2F|title:informations%20d%C3%A9taill%C3%A9es\u00a0\u00bb][tm_spacer size=\u00a0\u00bbmd:35;lg:30&Prime;][\/vc_column_inner][vc_column_inner offset=\u00a0\u00bbvc_col-lg-6&Prime;][tm_spacer size=\u00a0\u00bblg:30&Prime;][tm_image image=\u00a0\u00bb3006&Prime;][tm_spacer size=\u00a0\u00bblg:30&Prime;][\/vc_column_inner][\/vc_row_inner][tm_spacer size=\u00a0\u00bbxs:80;lg:40&Prime;][\/vc_column][\/vc_row][vc_row full_width=\u00a0\u00bbstretch_row_content_no_spaces\u00a0\u00bb background_color=\u00a0\u00bbcustom\u00a0\u00bb custom_background_color=\u00a0\u00bb#f2f6f9&Prime;][vc_column][tm_service style=\u00a0\u00bbcarousel_05&Prime; carousel_loop=\u00a0\u00bb\u00a0\u00bb equal_height=\u00a0\u00bb1&Prime; carousel_nav=\u00a0\u00bb7&Prime; carousel_pagination=\u00a0\u00bb6&Prime; carousel_gutter=\u00a0\u00bb0&Prime; number=\u00a0\u00bb10&Prime; carousel_auto_play=\u00a0\u00bb3000&Prime; carousel_items_display=\u00a0\u00bbxs:1;sm:2;md:3;lg:4&Prime;][\/vc_column][\/vc_row][vc_row full_width=\u00a0\u00bbstretch_row\u00a0\u00bb background_color=\u00a0\u00bbsecondary\u00a0\u00bb][vc_column content_alignment=\u00a0\u00bbcenter\u00a0\u00bb][tm_spacer size=\u00a0\u00bblg:100&Prime;][tm_heading custom_google_font=\u00a0\u00bb\u00a0\u00bb font_weight=\u00a0\u00bb500&Prime; text_transform=\u00a0\u00bbuppercase\u00a0\u00bb align=\u00a0\u00bbcenter\u00a0\u00bb text_color=\u00a0\u00bbcustom\u00a0\u00bb custom_text_color=\u00a0\u00bb#ffffff\u00a0\u00bb text=\u00a0\u00bbPourquoi choisir notre clinique ?\u00a0\u00bb font_size=\u00a0\u00bblg:14&Prime; letter_spacing=\u00a0\u00bb1.75px\u00a0\u00bb][tm_spacer size=\u00a0\u00bblg:15&Prime;][tm_heading custom_google_font=\u00a0\u00bb\u00a0\u00bb align=\u00a0\u00bbcenter\u00a0\u00bb text_color=\u00a0\u00bbcustom\u00a0\u00bb custom_text_color=\u00a0\u00bb#ffffff\u00a0\u00bb text=\u00a0\u00bbRaisons de nous choisir\u00a0\u00bb font_size=\u00a0\u00bbxs:36;lg:42&Prime;][tm_spacer size=\u00a0\u00bblg:70&Prime;][vc_row_inner gutter=\u00a0\u00bbsm:30;md:50;lg:70&Prime;][vc_column_inner offset=\u00a0\u00bbvc_col-lg-4&Prime;][tm_box_icon style=\u00a0\u00bb10&Prime; icon_type=\u00a0\u00bbfontawesome5&Prime; icon_fontawesome5=\u00a0\u00bbfal fa-home-heart\u00a0\u00bb heading_color=\u00a0\u00bbcustom\u00a0\u00bb custom_heading_color=\u00a0\u00bb#ffffff\u00a0\u00bb icon_color=\u00a0\u00bbcustom\u00a0\u00bb custom_icon_color=\u00a0\u00bb#ffffff\u00a0\u00bb text_color=\u00a0\u00bbcustom\u00a0\u00bb custom_text_color=\u00a0\u00bb#ffffff\u00a0\u00bb heading=\u00a0\u00bbApprochez-Le Avec Amour\u00a0\u00bb text=\u00a0\u00bbNous nous soucions de votre sant\u00e9 dentaire avec une grande compassion et compr\u00e9hension afin que vous puissiez avoir le plus beau sourire.\u00a0\u00bb][\/vc_column_inner][vc_column_inner offset=\u00a0\u00bbvc_col-lg-4&Prime;][tm_box_icon style=\u00a0\u00bb10&Prime; icon_type=\u00a0\u00bbfontawesome5&Prime; icon_fontawesome5=\u00a0\u00bbfal fa-laugh\u00a0\u00bb heading_color=\u00a0\u00bbcustom\u00a0\u00bb custom_heading_color=\u00a0\u00bb#ffffff\u00a0\u00bb icon_color=\u00a0\u00bbcustom\u00a0\u00bb custom_icon_color=\u00a0\u00bb#ffffff\u00a0\u00bb text_color=\u00a0\u00bbcustom\u00a0\u00bb custom_text_color=\u00a0\u00bb#ffffff\u00a0\u00bb heading=\u00a0\u00bbSmiley\u00a0\u00bb text=\u00a0\u00bbLe sourire sur les visages de nos m\u00e9decins ne s&rsquo;efface jamais car ils veulent toujours cr\u00e9er une atmosph\u00e8re dans laquelle vous vous sentez \u00e0 l&rsquo;aise.\u00a0\u00bb][\/vc_column_inner][vc_column_inner offset=\u00a0\u00bbvc_col-lg-4&Prime;][tm_box_icon style=\u00a0\u00bb10&Prime; icon_type=\u00a0\u00bbfontawesome5&Prime; icon_fontawesome5=\u00a0\u00bbfal fa-briefcase-medical\u00a0\u00bb heading_color=\u00a0\u00bbcustom\u00a0\u00bb custom_heading_color=\u00a0\u00bb#ffffff\u00a0\u00bb icon_color=\u00a0\u00bbcustom\u00a0\u00bb custom_icon_color=\u00a0\u00bb#ffffff\u00a0\u00bb text_color=\u00a0\u00bbcustom\u00a0\u00bb custom_text_color=\u00a0\u00bb#ffffff\u00a0\u00bb heading=\u00a0\u00bbSoutien Continu\u00a0\u00bb text=\u00a0\u00bbNous sommes pr\u00eats \u00e0 v\u00e9rifier tout probl\u00e8me dentaire dans notre centre et 24 heures sur 24, m\u00eame les week-ends et les jours f\u00e9ri\u00e9s.\u00a0\u00bb][\/vc_column_inner][\/vc_row_inner][vc_row_inner gutter=\u00a0\u00bbsm:30;md:50;lg:70&Prime;][vc_column_inner offset=\u00a0\u00bbvc_col-lg-4&Prime;][tm_box_icon style=\u00a0\u00bb10&Prime; icon_type=\u00a0\u00bbfontawesome5&Prime; icon_fontawesome5=\u00a0\u00bbfal fa-stethoscope\u00a0\u00bb heading_color=\u00a0\u00bbcustom\u00a0\u00bb custom_heading_color=\u00a0\u00bb#ffffff\u00a0\u00bb icon_color=\u00a0\u00bbcustom\u00a0\u00bb custom_icon_color=\u00a0\u00bb#ffffff\u00a0\u00bb text_color=\u00a0\u00bbcustom\u00a0\u00bb custom_text_color=\u00a0\u00bb#ffffff\u00a0\u00bb heading=\u00a0\u00bbLe Diagnostic Le Plus Pr\u00e9cis\u00a0\u00bb text=\u00a0\u00bbLorsque nos dents sont pourries ou endommag\u00e9es, nous utilisons des outils modernes pour localiser la zone et fournir un traitement.\u00a0\u00bb][\/vc_column_inner][vc_column_inner offset=\u00a0\u00bbvc_col-lg-4&Prime;][tm_box_icon style=\u00a0\u00bb10&Prime; icon_type=\u00a0\u00bbfontawesome5&Prime; icon_fontawesome5=\u00a0\u00bbfal fa-tooth\u00a0\u00bb heading_color=\u00a0\u00bbcustom\u00a0\u00bb custom_heading_color=\u00a0\u00bb#ffffff\u00a0\u00bb icon_color=\u00a0\u00bbcustom\u00a0\u00bb custom_icon_color=\u00a0\u00bb#ffffff\u00a0\u00bb text_color=\u00a0\u00bbcustom\u00a0\u00bb custom_text_color=\u00a0\u00bb#ffffff\u00a0\u00bb heading=\u00a0\u00bbContr\u00f4les R\u00e9guliers\u00a0\u00bb text=\u00a0\u00bbNous effectuons des bilans de sant\u00e9 dentaires annuels et offrons de nombreuses promotions aux membres de la polyclinique.\u00a0\u00bb][\/vc_column_inner][vc_column_inner offset=\u00a0\u00bbvc_col-lg-4&Prime;][tm_box_icon style=\u00a0\u00bb10&Prime; icon_type=\u00a0\u00bbfontawesome5&Prime; icon_fontawesome5=\u00a0\u00bbfal fa-credit-card-blank\u00a0\u00bb heading_color=\u00a0\u00bbcustom\u00a0\u00bb custom_heading_color=\u00a0\u00bb#ffffff\u00a0\u00bb icon_color=\u00a0\u00bbcustom\u00a0\u00bb custom_icon_color=\u00a0\u00bb#ffffff\u00a0\u00bb text_color=\u00a0\u00bbcustom\u00a0\u00bb custom_text_color=\u00a0\u00bb#ffffff\u00a0\u00bb heading=\u00a0\u00bbR\u00e9mun\u00e9ration Flexible\u00a0\u00bb text=\u00a0\u00bbVous pouvez choisir l&rsquo;un des modes de paiement les plus pratiques pour les services que vous recevrez. Esp\u00e8ces, carte de cr\u00e9dit, paiement \u00e9chelonn\u00e9&#8230;\u00a0\u00bb][\/vc_column_inner][\/vc_row_inner][tm_spacer size=\u00a0\u00bblg:30&Prime;][\/vc_column][\/vc_row][vc_row full_width=\u00a0\u00bbstretch_row\u00a0\u00bb background_color=\u00a0\u00bbcustom\u00a0\u00bb lg_spacing=\u00a0\u00bbpadding_top:100;padding_bottom:100&Prime; custom_background_color=\u00a0\u00bb#f6f5f9&Prime;][vc_column][tm_heading custom_google_font=\u00a0\u00bb\u00a0\u00bb align=\u00a0\u00bbcenter\u00a0\u00bb text=\u00a0\u00bbNouvelles et blog de notre clinique\u00a0\u00bb font_size=\u00a0\u00bbxs:36;lg:42&Prime;][tm_spacer size=\u00a0\u00bblg:20&Prime;][tm_heading tag=\u00a0\u00bbdiv\u00a0\u00bb custom_google_font=\u00a0\u00bb\u00a0\u00bb align=\u00a0\u00bbcenter\u00a0\u00bb text=\u00a0\u00bbRestez \u00e0 l&rsquo;\u00e9coute de nos actualit\u00e9s et \u00e9v\u00e9nements dans le domaine de la dentisterie r\u00e9dig\u00e9s par nos experts de la clinique de sant\u00e9 bucco-dentaire Dt.Hatice \u015eEKKEL\u0130.\u00a0\u00bb font_size=\u00a0\u00bblg:17&Prime; max_width=\u00a0\u00bb630px\u00a0\u00bb][tm_spacer size=\u00a0\u00bblg:60&Prime;][vc_row_inner][vc_column_inner offset=\u00a0\u00bbvc_col-lg-8&Prime;][tm_blog style=\u00a0\u00bbgrid_classic_01&Prime; gutter=\u00a0\u00bb30&Prime; number=\u00a0\u00bb2&Prime; columns=\u00a0\u00bbxs:1;sm:2;lg:2&Prime;][tm_spacer size=\u00a0\u00bbmd:60&Prime;][\/vc_column_inner][vc_column_inner offset=\u00a0\u00bbvc_col-lg-4&Prime;][tm_blog style=\u00a0\u00bblist_simple_02&Prime; number=\u00a0\u00bb3&Prime;][\/vc_column_inner][\/vc_row_inner][\/vc_column][\/vc_row][vc_row full_width=\u00a0\u00bbstretch_row\u00a0\u00bb overlay_background=\u00a0\u00bbcustom\u00a0\u00bb overlay_opacity=\u00a0\u00bb50&Prime; background_image=\u00a0\u00bb907&Prime; lg_spacing=\u00a0\u00bbpadding_top:133;padding_bottom:122&Prime;][vc_column][tm_heading custom_google_font=\u00a0\u00bb\u00a0\u00bb font_weight=\u00a0\u00bb700&Prime; align=\u00a0\u00bbcenter\u00a0\u00bb text_color=\u00a0\u00bbcustom\u00a0\u00bb custom_text_color=\u00a0\u00bb#ffffff\u00a0\u00bb text=\u00a0\u00bbNous nous soucions de votre sant\u00e9 dentaire\u00a0\u00bb font_size=\u00a0\u00bbsm:18;lg:22&Prime;][tm_spacer size=\u00a0\u00bblg:15&Prime;][tm_heading custom_google_font=\u00a0\u00bb\u00a0\u00bb font_weight=\u00a0\u00bb700&Prime; align=\u00a0\u00bbcenter\u00a0\u00bb text_color=\u00a0\u00bbcustom\u00a0\u00bb custom_text_color=\u00a0\u00bb#ffffff\u00a0\u00bb text=\u00a0\u00bbSourire parfait avec nous\u00a0\u00bb font_size=\u00a0\u00bbxs:36;sm:40;lg:60&Prime;][tm_spacer size=\u00a0\u00bblg:25&Prime;][tm_button style=\u00a0\u00bbmodern\u00a0\u00bb align=\u00a0\u00bbcenter\u00a0\u00bb button=\u00a0\u00bburl:http%3A%2F%2Fhaticesekkeli.com%2Frandevu-al%2F|title:prendre%20rendez-vous\u00a0\u00bb][\/vc_column][\/vc_row]<\/p>\n","protected":false},"author":1,"featured_media":0,"parent":0,"menu_order":0,"comment_status":"closed","ping_status":"closed","template":"","meta":{"footnotes":""},"class_list":["post-4018","page","type-page","status-publish","hentry"],"_links":{"self":[{"href":"https:\/\/haticesekkeli.com\/fr\/wp-json\/wp\/v2\/pages\/4018"}],"collection":[{"href":"https:\/\/haticesekkeli.com\/fr\/wp-json\/wp\/v2\/pages"}],"about":[{"href":"https:\/\/haticesekkeli.com\/fr\/wp-json\/wp\/v2\/types\/page"}],"author":[{"embeddable":true,"href":"https:\/\/haticesekkeli.com\/fr\/wp-json\/wp\/v2\/users\/1"}],"replies":[{"embeddable":true,"href":"https:\/\/haticesekkeli.com\/fr\/wp-json\/wp\/v2\/comments?post=4018"}],"version-history":[{"count":5,"href":"https:\/\/haticesekkeli.com\/fr\/wp-json\/wp\/v2\/pages\/4018\/revisions"}],"predecessor-version":[{"id":4172,"href":"https:\/\/haticesekkeli.com\/fr\/wp-json\/wp\/v2\/pages\/4018\/revisions\/4172"}],"wp:attachment":[{"href":"https:\/\/haticesekkeli.com\/fr\/wp-json\/wp\/v2\/media?parent=4018"}],"curies":[{"name":"wp","href":"https:\/\/api.w.org\/{rel}","templated":true}]}}