{"id":4093,"date":"2019-05-31T07:07:39","date_gmt":"2019-05-31T07:07:39","guid":{"rendered":"http:\/\/haticesekkeli.com\/about-us\/"},"modified":"2022-07-04T10:15:14","modified_gmt":"2022-07-04T10:15:14","slug":"about-us","status":"publish","type":"page","link":"https:\/\/haticesekkeli.com\/en\/about-us\/","title":{"rendered":"About us"},"content":{"rendered":"<p>[vc_row full_width=&#8221;stretch_row&#8221; content_placement=&#8221;middle&#8221; lg_spacing=&#8221;padding_top:100;padding_bottom:40&#8243; gutter=&#8221;xs:30;sm:50;md:70;lg:100&#8243;][vc_column offset=&#8221;vc_col-lg-6&#8243;][tm_heading custom_google_font=&#8221;&#8221; text=&#8221;Welcome to Dt. Hatice \u015eekkeli Oral and Dental Health Clinic&#8221; font_size=&#8221;sm:36;lg:42&#8243;][tm_spacer size=&#8221;lg:20&#8243;][tm_heading tag=&#8221;div&#8221; custom_google_font=&#8221;&#8221; text=&#8221;With over 30 years of experience Dt . Hatice \u015eEKKELI, closely following the latest developments, adopts to provide healthy dental treatment service to its patients with the highest quality, perfectionist understanding by following the quality-oriented and latest technologies and blending them with Holistic Dentistry.&#8221; font_size=&#8221;lg:17&#8243;][tm_spacer size=&#8221;lg:50&#8243;][tm_box_icon style=&#8221;10&#8243; icon_type=&#8221;fontawesome5&#8243; icon_fontawesome5=&#8221;fal fa-briefcase-medical&#8221; heading=&#8221;Our Treatments&#8221; text=&#8221;Our physicians are primarily aesthetic dentistry, including prosthetics, Implantology, surgery,orthodontics(tel therapy), endodontics (root canal treatment),pedodontics (children&#8217;s dentistry), periodontics (gum disease ), within and holistic dentistry aesthetic dentistry, acupuncture, the treatment of hearts, the medical pendulum offers options such as hypnosis.&#8221; lg_spacing=&#8221;margin_bottom:40&#8243;][tm_box_icon style=&#8221;10&#8243; icon_type=&#8221;fontawesome5&#8243; icon_fontawesome5=&#8221;fal fa-home-heart&#8221; heading=&#8221;Our Clinic&#8221; text=&#8221;In our clinic with state-of-the-art devices and equipment, we ensure that our patients get a healthy smile aesthetic and reach a healthy mouth and tooth.&#8221; lg_spacing=&#8221;margin_bottom:40&#8243;][tm_spacer size=&#8221;lg:30&#8243;][\/vc_column][vc_column offset=&#8221;vc_col-lg-6&#8243;][tm_image align=&#8221;right&#8221; md_align=&#8221;left&#8221; sm_align=&#8221;left&#8221; xs_align=&#8221;left&#8221; image=&#8221;3030&#8243;][tm_spacer size=&#8221;lg:60&#8243;][\/vc_column][\/vc_row][vc_row full_width=&#8221;stretch_row&#8221; lg_spacing=&#8221;padding_top:50;padding_bottom:100&#8243;][vc_column][tm_heading custom_google_font=&#8221;&#8221; align=&#8221;center&#8221; text=&#8221;Our Treatments&#8221; font_size=&#8221;sm:36;lg:42&#8243;][tm_spacer size=&#8221;lg:20&#8243;][tm_heading tag=&#8221;div&#8221; custom_google_font=&#8221;&#8221; align=&#8221;center&#8221; text=&#8221;Our clinic provides all kinds of services and is constantly working on new technologies to add new specialized services to the list.&#8221; font_size=&#8221;lg:17&#8243; max_width=&#8221;630px&#8221;][tm_spacer size=&#8221;lg:60&#8243;][tm_service style=&#8221;carousel_05&#8243; carousel_nav=&#8221;5&#8243; carousel_gutter=&#8221;30&#8243; number=&#8221;3&#8243; carousel_items_display=&#8221;xs:1;sm:2;md:3;lg:3&#8243;][tm_spacer size=&#8221;lg:50&#8243;][vc_column_text]<\/p>\n<p style=\"text-align: center;\">Do not skip your regular dental checkup. <a style=\"text-decoration: underline;\" href=\"..\/randevu-al\/\">Make an Appointment!<\/a><\/p>\n<p>[\/vc_column_text][\/vc_column][\/vc_row][vc_row full_width=&#8221;stretch_row_content_no_spaces&#8221; custom_border_color=&#8221;#ffffff&#8221; lg_spacing=&#8221;border_bottom:1&#8243;][vc_column][tm_testimonial style=&#8221;8&#8243; number=&#8221;9&#8243; loop=&#8221;&#8221; auto_play=&#8221;&#8221; nav=&#8221;4&#8243; carousel_gutter=&#8221;lg:0&#8243;][\/vc_column][\/vc_row][vc_row full_width=&#8221;stretch_row_content_no_spaces&#8221;][vc_column][vc_separator color=&#8221;custom&#8221; accent_color=&#8221;#eeeeee&#8221;][\/vc_column][\/vc_row][vc_row column_separator=&#8221;01&#8243; lg_spacing=&#8221;padding_top:60&#8243; md_spacing=&#8221;padding_top:90;padding_bottom:30&#8243;][vc_column width=&#8221;1\/4&#8243; offset=&#8221;vc_col-lg-3 vc_col-md-6&#8243;][tm_box_icon style=&#8221;12&#8243; align=&#8221;center&#8221; icon_type=&#8221;fontawesome5&#8243; icon_fontawesome5=&#8221;fal fa-map&#8221; heading=&#8221;\u0130smet Pa\u015fa Mh. Trabzon Cd. Milcan Apt. Kat:3 No:5&#8243; text=&#8221;Oniki\u015fubat Kahramanmara\u015f \/ T\u00dcRK\u0130YE&#8221;][\/vc_column][vc_column width=&#8221;1\/4&#8243; offset=&#8221;vc_col-lg-3 vc_col-md-6&#8243;][tm_box_icon style=&#8221;12&#8243; align=&#8221;center&#8221; icon_type=&#8221;fontawesome5&#8243; icon_fontawesome5=&#8221;far fa-phone-alt&#8221; heading=&#8221;0344 221 80 85&#8243; text=&#8221;Call for support&#8221; link=&#8221;url:tel%3A0344%20221%2080%2085&#8243;][\/vc_column][vc_column width=&#8221;1\/4&#8243; offset=&#8221;vc_col-lg-3 vc_col-md-6&#8243;][tm_box_icon style=&#8221;12&#8243; align=&#8221;center&#8221; icon_type=&#8221;fontawesome5&#8243; icon_fontawesome5=&#8221;far fa-phone-alt&#8221; heading=&#8221;0541 186 00 45&#8243; text=&#8221;Call for support&#8221; link=&#8221;url:tel%3A0541%20186%2000%2045&#8243;][\/vc_column][vc_column width=&#8221;1\/4&#8243; offset=&#8221;vc_col-lg-3 vc_col-md-6&#8243;][tm_box_icon style=&#8221;12&#8243; align=&#8221;center&#8221; icon_type=&#8221;fontawesome5&#8243; icon_fontawesome5=&#8221;fal fa-envelope&#8221; heading=&#8221;info@haticesekkeli.com&#8221; text=&#8221;Please Send Mail To Us&#8221; link=&#8221;url:mailto%3Ainfo%40haticesekkeli.com&#8221;][\/vc_column][\/vc_row][vc_row full_width=&#8221;stretch_row&#8221; background_color=&#8221;primary&#8221; lg_spacing=&#8221;padding_top:23;padding_bottom:27&#8243;][vc_column][tm_heading custom_google_font=&#8221;&#8221; align=&#8221;center&#8221; text_color=&#8221;custom&#8221; custom_text_color=&#8221;#ffffff&#8221; icon_type=&#8221;fontawesome5&#8243; icon_fontawesome5=&#8221;fal fa-map-marker-alt&#8221; text=&#8221;View Our Polyclinic on the Map&#8221; font_size=&#8221;lg:26&#8243; icon_font_size=&#8221;lg:36&#8243; link=&#8221;https:\/\/goo.gl\/maps\/zVAdF94D59RsHDbR9&#8243;][\/vc_column][\/vc_row]<\/p>\n","protected":false},"excerpt":{"rendered":"<p>[vc_row full_width=&#8221;stretch_row&#8221; content_placement=&#8221;middle&#8221; lg_spacing=&#8221;padding_top:100;padding_bottom:40&#8243; gutter=&#8221;xs:30;sm:50;md:70;lg:100&#8243;][vc_column offset=&#8221;vc_col-lg-6&#8243;][tm_heading custom_google_font=&#8221;&#8221; text=&#8221;Welcome to Dt. Hatice \u015eekkeli Oral and Dental Health Clinic&#8221; font_size=&#8221;sm:36;lg:42&#8243;][tm_spacer size=&#8221;lg:20&#8243;][tm_heading tag=&#8221;div&#8221; custom_google_font=&#8221;&#8221; text=&#8221;With over 30 years of experience Dt . Hatice \u015eEKKELI, closely following the latest developments, adopts to provide healthy dental treatment service to its patients with the highest quality, perfectionist understanding by following the quality-oriented and latest technologies and blending them with Holistic Dentistry.&#8221; font_size=&#8221;lg:17&#8243;][tm_spacer size=&#8221;lg:50&#8243;][tm_box_icon style=&#8221;10&#8243; icon_type=&#8221;fontawesome5&#8243; icon_fontawesome5=&#8221;fal fa-briefcase-medical&#8221; heading=&#8221;Our Treatments&#8221; text=&#8221;Our physicians are primarily aesthetic dentistry, including prosthetics, Implantology, surgery,orthodontics(tel therapy), endodontics (root canal treatment),pedodontics (children&#8217;s dentistry), periodontics (gum disease ), within and holistic dentistry aesthetic dentistry, acupuncture, the treatment of hearts, the medical pendulum offers options such as hypnosis.&#8221; lg_spacing=&#8221;margin_bottom:40&#8243;][tm_box_icon style=&#8221;10&#8243; icon_type=&#8221;fontawesome5&#8243; icon_fontawesome5=&#8221;fal fa-home-heart&#8221; heading=&#8221;Our Clinic&#8221; text=&#8221;In our clinic with state-of-the-art devices and equipment, we ensure that our patients get a healthy smile aesthetic and reach a healthy mouth and tooth.&#8221; lg_spacing=&#8221;margin_bottom:40&#8243;][tm_spacer size=&#8221;lg:30&#8243;][\/vc_column][vc_column offset=&#8221;vc_col-lg-6&#8243;][tm_image align=&#8221;right&#8221; md_align=&#8221;left&#8221; sm_align=&#8221;left&#8221; xs_align=&#8221;left&#8221; image=&#8221;3030&#8243;][tm_spacer size=&#8221;lg:60&#8243;][\/vc_column][\/vc_row][vc_row full_width=&#8221;stretch_row&#8221; lg_spacing=&#8221;padding_top:50;padding_bottom:100&#8243;][vc_column][tm_heading custom_google_font=&#8221;&#8221; align=&#8221;center&#8221; text=&#8221;Our Treatments&#8221; font_size=&#8221;sm:36;lg:42&#8243;][tm_spacer size=&#8221;lg:20&#8243;][tm_heading tag=&#8221;div&#8221; custom_google_font=&#8221;&#8221; align=&#8221;center&#8221; text=&#8221;Our clinic provides all kinds of services and is constantly working on new technologies to add new specialized services to the list.&#8221; font_size=&#8221;lg:17&#8243; max_width=&#8221;630px&#8221;][tm_spacer size=&#8221;lg:60&#8243;][tm_service style=&#8221;carousel_05&#8243; carousel_nav=&#8221;5&#8243; carousel_gutter=&#8221;30&#8243; number=&#8221;3&#8243; carousel_items_display=&#8221;xs:1;sm:2;md:3;lg:3&#8243;][tm_spacer size=&#8221;lg:50&#8243;][vc_column_text] Do not skip your regular dental checkup. Make an Appointment! [\/vc_column_text][\/vc_column][\/vc_row][vc_row full_width=&#8221;stretch_row_content_no_spaces&#8221; custom_border_color=&#8221;#ffffff&#8221; lg_spacing=&#8221;border_bottom:1&#8243;][vc_column][tm_testimonial style=&#8221;8&#8243; number=&#8221;9&#8243; loop=&#8221;&#8221; auto_play=&#8221;&#8221; nav=&#8221;4&#8243; carousel_gutter=&#8221;lg:0&#8243;][\/vc_column][\/vc_row][vc_row full_width=&#8221;stretch_row_content_no_spaces&#8221;][vc_column][vc_separator color=&#8221;custom&#8221; accent_color=&#8221;#eeeeee&#8221;][\/vc_column][\/vc_row][vc_row column_separator=&#8221;01&#8243; lg_spacing=&#8221;padding_top:60&#8243; md_spacing=&#8221;padding_top:90;padding_bottom:30&#8243;][vc_column width=&#8221;1\/4&#8243; offset=&#8221;vc_col-lg-3 vc_col-md-6&#8243;][tm_box_icon style=&#8221;12&#8243; align=&#8221;center&#8221; icon_type=&#8221;fontawesome5&#8243; icon_fontawesome5=&#8221;fal fa-map&#8221; heading=&#8221;\u0130smet Pa\u015fa Mh. Trabzon Cd. Milcan Apt. Kat:3 No:5&#8243; text=&#8221;Oniki\u015fubat Kahramanmara\u015f \/ T\u00dcRK\u0130YE&#8221;][\/vc_column][vc_column width=&#8221;1\/4&#8243; offset=&#8221;vc_col-lg-3 vc_col-md-6&#8243;][tm_box_icon style=&#8221;12&#8243; align=&#8221;center&#8221; icon_type=&#8221;fontawesome5&#8243; icon_fontawesome5=&#8221;far fa-phone-alt&#8221; heading=&#8221;0344 221 80 85&#8243; text=&#8221;Call for support&#8221; link=&#8221;url:tel%3A0344%20221%2080%2085&#8243;][\/vc_column][vc_column width=&#8221;1\/4&#8243; offset=&#8221;vc_col-lg-3 vc_col-md-6&#8243;][tm_box_icon style=&#8221;12&#8243; align=&#8221;center&#8221; icon_type=&#8221;fontawesome5&#8243; icon_fontawesome5=&#8221;far fa-phone-alt&#8221; heading=&#8221;0541 186 00 45&#8243; text=&#8221;Call for support&#8221; link=&#8221;url:tel%3A0541%20186%2000%2045&#8243;][\/vc_column][vc_column width=&#8221;1\/4&#8243; offset=&#8221;vc_col-lg-3 vc_col-md-6&#8243;][tm_box_icon style=&#8221;12&#8243; align=&#8221;center&#8221; icon_type=&#8221;fontawesome5&#8243; icon_fontawesome5=&#8221;fal fa-envelope&#8221; heading=&#8221;info@haticesekkeli.com&#8221; text=&#8221;Please Send Mail To Us&#8221; link=&#8221;url:mailto%3Ainfo%40haticesekkeli.com&#8221;][\/vc_column][\/vc_row][vc_row full_width=&#8221;stretch_row&#8221; background_color=&#8221;primary&#8221; lg_spacing=&#8221;padding_top:23;padding_bottom:27&#8243;][vc_column][tm_heading custom_google_font=&#8221;&#8221; align=&#8221;center&#8221; text_color=&#8221;custom&#8221; custom_text_color=&#8221;#ffffff&#8221; icon_type=&#8221;fontawesome5&#8243; icon_fontawesome5=&#8221;fal fa-map-marker-alt&#8221; text=&#8221;View Our Polyclinic on the Map&#8221; font_size=&#8221;lg:26&#8243; icon_font_size=&#8221;lg:36&#8243; link=&#8221;https:\/\/goo.gl\/maps\/zVAdF94D59RsHDbR9&#8243;][\/vc_column][\/vc_row]<\/p>\n","protected":false},"author":1,"featured_media":0,"parent":0,"menu_order":0,"comment_status":"closed","ping_status":"closed","template":"","meta":{"footnotes":""},"class_list":["post-4093","page","type-page","status-publish","hentry"],"_links":{"self":[{"href":"https:\/\/haticesekkeli.com\/en\/wp-json\/wp\/v2\/pages\/4093"}],"collection":[{"href":"https:\/\/haticesekkeli.com\/en\/wp-json\/wp\/v2\/pages"}],"about":[{"href":"https:\/\/haticesekkeli.com\/en\/wp-json\/wp\/v2\/types\/page"}],"author":[{"embeddable":true,"href":"https:\/\/haticesekkeli.com\/en\/wp-json\/wp\/v2\/users\/1"}],"replies":[{"embeddable":true,"href":"https:\/\/haticesekkeli.com\/en\/wp-json\/wp\/v2\/comments?post=4093"}],"version-history":[{"count":1,"href":"https:\/\/haticesekkeli.com\/en\/wp-json\/wp\/v2\/pages\/4093\/revisions"}],"predecessor-version":[{"id":4117,"href":"https:\/\/haticesekkeli.com\/en\/wp-json\/wp\/v2\/pages\/4093\/revisions\/4117"}],"wp:attachment":[{"href":"https:\/\/haticesekkeli.com\/en\/wp-json\/wp\/v2\/media?parent=4093"}],"curies":[{"name":"wp","href":"https:\/\/api.w.org\/{rel}","templated":true}]}}