{"id":4062,"date":"2019-07-01T07:40:28","date_gmt":"2019-07-01T07:40:28","guid":{"rendered":"http:\/\/haticesekkeli.com\/communication\/"},"modified":"2022-07-04T12:12:39","modified_gmt":"2022-07-04T12:12:39","slug":"communication","status":"publish","type":"page","link":"https:\/\/haticesekkeli.com\/en\/communication\/","title":{"rendered":"Communication"},"content":{"rendered":"<p>[vc_row full_width=&#8221;stretch_row_content_no_spaces&#8221;][vc_column][vc_column_text]<iframe loading=\"lazy\" style=\"border: 0;\" src=\"https:\/\/www.google.com\/maps\/embed?pb=!1m14!1m8!1m3!1d1329.4415806841037!2d36.92831486939211!3d37.57949427791675!3m2!1i1024!2i768!4f13.1!3m3!1m2!1s0x0%3A0xfc70743614641d06!2sDr.%20Hatice%20%C5%9Eekkeli!5e0!3m2!1str!2str!4v1655301845980!5m2!1str!2str\" width=\"100%\" height=\"450\" allowfullscreen=\"allowfullscreen\"><\/iframe>[\/vc_column_text][\/vc_column][\/vc_row][vc_row full_width=&#8221;stretch_row&#8221; lg_spacing=&#8221;padding_top:100;padding_bottom:40&#8243;][vc_column offset=&#8221;vc_col-lg-7 vc_col-md-8&#8243;][tm_heading custom_google_font=&#8221;&#8221; text=&#8221;Contact Us&#8221; font_size=&#8221;lg:42&#8243;][tm_spacer size=&#8221;lg:20&#8243;][tm_heading tag=&#8221;div&#8221; custom_google_font=&#8221;&#8221; text=&#8221;We check your current dental condition and decide on your treatment. Our specialists will take care of your smile with dedication.&#8221; font_size=&#8221;lg:17&#8243;][tm_spacer size=&#8221;lg:60&#8243;][tm_contact_form_7 id=&#8221;839&#8243;][tm_spacer size=&#8221;lg:60&#8243;][\/vc_column][vc_column offset=&#8221;vc_col-lg-offset-1 vc_col-lg-4 vc_col-md-4&#8243;][vc_row_inner box_shadow=&#8221;0 0 40px rgba(0,0,0,0.06)&#8221; lg_spacing=&#8221;margin_right:0;margin_left:0&#8243;][vc_column_inner][tm_spacer size=&#8221;lg:50&#8243;][tm_box_icon style=&#8221;12&#8243; align=&#8221;center&#8221; icon_type=&#8221;fontawesome5&#8243; icon_fontawesome5=&#8221;fal fa-map&#8221; heading=&#8221;\u0130smet Pa\u015fa Mh. Trabzon Cd. Milcan Apt. Kat:3 No:5&#8243; text=&#8221;Oniki\u015fubat Kahramanmara\u015f \/ T\u00dcRK\u0130YE&#8221; lg_spacing=&#8221;margin_bottom:50&#8243;][tm_box_icon style=&#8221;12&#8243; align=&#8221;center&#8221; icon_type=&#8221;fontawesome5&#8243; icon_fontawesome5=&#8221;far fa-phone-alt&#8221; heading=&#8221;0344 221 80 85&#8243; text=&#8221;Call for support&#8221; link=&#8221;url:tel%3A0344%20221%2080%2085&#8243; lg_spacing=&#8221;margin_bottom:50&#8243;][tm_box_icon style=&#8221;12&#8243; align=&#8221;center&#8221; icon_type=&#8221;fontawesome5&#8243; icon_fontawesome5=&#8221;far fa-phone-alt&#8221; heading=&#8221;0541 186 00 45&#8243; text=&#8221;Call for support&#8221; link=&#8221;url:tel%3A0541%20186%2000%2045&#8243; lg_spacing=&#8221;margin_bottom:50&#8243;][tm_box_icon style=&#8221;12&#8243; align=&#8221;center&#8221; icon_type=&#8221;fontawesome5&#8243; icon_fontawesome5=&#8221;fal fa-envelope&#8221; heading=&#8221;info@haticesekkeli.com&#8221; text=&#8221;Please Send Mail To Us&#8221; link=&#8221;url:mailto%3Ainfo%40haticesekkeli.com&#8221; lg_spacing=&#8221;margin_bottom:50&#8243;][tm_box_icon style=&#8221;12&#8243; align=&#8221;center&#8221; icon_type=&#8221;fontawesome5&#8243; icon_fontawesome5=&#8221;fal fa-clock&#8221; heading=&#8221;Monday-Saturday : 08.00 &#8211; 18.00&#8243; text=&#8221;Our Working Hours&#8221; link=&#8221;|||&#8221; lg_spacing=&#8221;margin_bottom:50&#8243;][tm_spacer size=&#8221;lg:10&#8243;][\/vc_column_inner][\/vc_row_inner][tm_spacer size=&#8221;lg:60&#8243;][\/vc_column][\/vc_row]<\/p>\n","protected":false},"excerpt":{"rendered":"<p>[vc_row full_width=&#8221;stretch_row_content_no_spaces&#8221;][vc_column][vc_column_text][\/vc_column_text][\/vc_column][\/vc_row][vc_row full_width=&#8221;stretch_row&#8221; lg_spacing=&#8221;padding_top:100;padding_bottom:40&#8243;][vc_column offset=&#8221;vc_col-lg-7 vc_col-md-8&#8243;][tm_heading custom_google_font=&#8221;&#8221; text=&#8221;Contact Us&#8221; font_size=&#8221;lg:42&#8243;][tm_spacer size=&#8221;lg:20&#8243;][tm_heading tag=&#8221;div&#8221; custom_google_font=&#8221;&#8221; text=&#8221;We check your current dental condition and decide on your treatment. Our specialists will take care of your smile with dedication.&#8221; font_size=&#8221;lg:17&#8243;][tm_spacer size=&#8221;lg:60&#8243;][tm_contact_form_7 id=&#8221;839&#8243;][tm_spacer size=&#8221;lg:60&#8243;][\/vc_column][vc_column offset=&#8221;vc_col-lg-offset-1 vc_col-lg-4 vc_col-md-4&#8243;][vc_row_inner box_shadow=&#8221;0 0 40px rgba(0,0,0,0.06)&#8221; lg_spacing=&#8221;margin_right:0;margin_left:0&#8243;][vc_column_inner][tm_spacer size=&#8221;lg:50&#8243;][tm_box_icon style=&#8221;12&#8243; align=&#8221;center&#8221; icon_type=&#8221;fontawesome5&#8243; icon_fontawesome5=&#8221;fal fa-map&#8221; heading=&#8221;\u0130smet Pa\u015fa Mh. Trabzon Cd. Milcan Apt. Kat:3 No:5&#8243; text=&#8221;Oniki\u015fubat Kahramanmara\u015f \/ T\u00dcRK\u0130YE&#8221; lg_spacing=&#8221;margin_bottom:50&#8243;][tm_box_icon style=&#8221;12&#8243; align=&#8221;center&#8221; icon_type=&#8221;fontawesome5&#8243; icon_fontawesome5=&#8221;far fa-phone-alt&#8221; heading=&#8221;0344 221 80 85&#8243; text=&#8221;Call for support&#8221; link=&#8221;url:tel%3A0344%20221%2080%2085&#8243; lg_spacing=&#8221;margin_bottom:50&#8243;][tm_box_icon style=&#8221;12&#8243; align=&#8221;center&#8221; icon_type=&#8221;fontawesome5&#8243; icon_fontawesome5=&#8221;far fa-phone-alt&#8221; heading=&#8221;0541 186 00 45&#8243; text=&#8221;Call for support&#8221; link=&#8221;url:tel%3A0541%20186%2000%2045&#8243; lg_spacing=&#8221;margin_bottom:50&#8243;][tm_box_icon style=&#8221;12&#8243; align=&#8221;center&#8221; icon_type=&#8221;fontawesome5&#8243; icon_fontawesome5=&#8221;fal fa-envelope&#8221; heading=&#8221;info@haticesekkeli.com&#8221; text=&#8221;Please Send Mail To Us&#8221; link=&#8221;url:mailto%3Ainfo%40haticesekkeli.com&#8221; lg_spacing=&#8221;margin_bottom:50&#8243;][tm_box_icon style=&#8221;12&#8243; align=&#8221;center&#8221; icon_type=&#8221;fontawesome5&#8243; icon_fontawesome5=&#8221;fal fa-clock&#8221; heading=&#8221;Monday-Saturday : 08.00 &#8211; 18.00&#8243; text=&#8221;Our Working Hours&#8221; link=&#8221;|||&#8221; lg_spacing=&#8221;margin_bottom:50&#8243;][tm_spacer size=&#8221;lg:10&#8243;][\/vc_column_inner][\/vc_row_inner][tm_spacer size=&#8221;lg:60&#8243;][\/vc_column][\/vc_row]<\/p>\n","protected":false},"author":1,"featured_media":0,"parent":0,"menu_order":0,"comment_status":"closed","ping_status":"closed","template":"","meta":{"footnotes":""},"class_list":["post-4062","page","type-page","status-publish","hentry"],"_links":{"self":[{"href":"https:\/\/haticesekkeli.com\/en\/wp-json\/wp\/v2\/pages\/4062"}],"collection":[{"href":"https:\/\/haticesekkeli.com\/en\/wp-json\/wp\/v2\/pages"}],"about":[{"href":"https:\/\/haticesekkeli.com\/en\/wp-json\/wp\/v2\/types\/page"}],"author":[{"embeddable":true,"href":"https:\/\/haticesekkeli.com\/en\/wp-json\/wp\/v2\/users\/1"}],"replies":[{"embeddable":true,"href":"https:\/\/haticesekkeli.com\/en\/wp-json\/wp\/v2\/comments?post=4062"}],"version-history":[{"count":2,"href":"https:\/\/haticesekkeli.com\/en\/wp-json\/wp\/v2\/pages\/4062\/revisions"}],"predecessor-version":[{"id":4138,"href":"https:\/\/haticesekkeli.com\/en\/wp-json\/wp\/v2\/pages\/4062\/revisions\/4138"}],"wp:attachment":[{"href":"https:\/\/haticesekkeli.com\/en\/wp-json\/wp\/v2\/media?parent=4062"}],"curies":[{"name":"wp","href":"https:\/\/api.w.org\/{rel}","templated":true}]}}