{"id":4095,"date":"2019-05-31T07:07:39","date_gmt":"2019-05-31T07:07:39","guid":{"rendered":"http:\/\/haticesekkeli.com\/uber-uns\/"},"modified":"2022-07-04T10:55:06","modified_gmt":"2022-07-04T10:55:06","slug":"uber-uns","status":"publish","type":"page","link":"https:\/\/haticesekkeli.com\/de\/uber-uns\/","title":{"rendered":"\u00dcber uns"},"content":{"rendered":"<p>[vc_row full_width=&#8220;stretch_row&#8220; content_placement=&#8220;middle&#8220; lg_spacing=&#8220;padding_top:100;padding_bottom:40&#8243; gutter=&#8220;xs:30;sm:50;md:70;lg:100&#8243;][vc_column offset=&#8220;vc_col-lg-6&#8243;][tm_heading custom_google_font=&#8220;&#8220; text=&#8220;Willkommen bei Dt. Hatice Shekkeli oral and Dental Health Clinic&#8220; font_size=&#8220;sm:36;lg:42&#8243;][tm_spacer size=&#8220;lg:20&#8243;][tm_heading tag=&#8220;div&#8220; custom_google_font=&#8220;&#8220; text=&#8220;Mit \u00fcber 30 Jahren Erfahrung Dt. Hatice SHEKKELI verfolgt die aktuellen Entwicklungen genau und setzt sich daf\u00fcr ein, ihren Patienten mit h\u00f6chster Qualit\u00e4t, perfektionistischem Verst\u00e4ndnis, qualit\u00e4tsorientiert und den neuesten Technologien zu folgen und sie mit ganzheitlicher Zahnmedizin zu kombinieren, um eine gesunde Zahnbehandlung zu bieten.&#8220; font_size=&#8220;lg:17&#8243;][tm_spacer size=&#8220;lg:50&#8243;][tm_box_icon style=&#8220;10&#8243; icon_type=&#8220;fontawesome5&#8243; icon_fontawesome5=&#8220;fal fa-briefcase-medical&#8220; heading=&#8220;Unsere Behandlungen&#8220; text=&#8220;Unsere \u00c4rzte stehen Ihnen vor allem in der \u00e4sthetischen Zahnheilkunde, Prothetik, Implantologie,Chirurgie, Kieferorthop\u00e4die(drahtbehandlung), Endodontie (Wurzelkanalbehandlung), pedodontie (Kinderzahnheilkunde), Parodontologie (Zahnfleischerkrankungen) und ganzheitlicher Zahnheilkunde mit \u00e4sthetischen Zahnheilkunde, akupunktur, Cup-Therapie, medizinischem Pendel, Hypnose zur Verf\u00fcgung.&#8220; lg_spacing=&#8220;margin_bottom:40&#8243;][tm_box_icon style=&#8220;10&#8243; icon_type=&#8220;fontawesome5&#8243; icon_fontawesome5=&#8220;fal fa-home-heart&#8220; heading=&#8220;Unsere Klinik&#8220; text=&#8220;In unserer Klinik mit modernsten Ger\u00e4ten und Ger\u00e4ten sorgen wir daf\u00fcr, dass unsere Patienten eine gesunde L\u00e4cheln-\u00c4sthetik erhalten und einen gesunden Mund und Z\u00e4hne erreichen.&#8220; lg_spacing=&#8220;margin_bottom:40&#8243;][tm_spacer size=&#8220;lg:30&#8243;][\/vc_column][vc_column offset=&#8220;vc_col-lg-6&#8243;][tm_image align=&#8220;right&#8220; md_align=&#8220;left&#8220; sm_align=&#8220;left&#8220; xs_align=&#8220;left&#8220; image=&#8220;3030&#8243;][tm_spacer size=&#8220;lg:60&#8243;][\/vc_column][\/vc_row][vc_row full_width=&#8220;stretch_row&#8220; lg_spacing=&#8220;padding_top:50;padding_bottom:100&#8243;][vc_column][tm_heading custom_google_font=&#8220;&#8220; align=&#8220;center&#8220; text=&#8220;Unsere Behandlungen&#8220; font_size=&#8220;sm:36;lg:42&#8243;][tm_spacer size=&#8220;lg:20&#8243;][tm_heading tag=&#8220;div&#8220; custom_google_font=&#8220;&#8220; align=&#8220;center&#8220; text=&#8220;Unsere Klinik bietet alle Arten von Dienstleistungen an und arbeitet st\u00e4ndig an neuen Technologien, um neue spezielle Dienstleistungen in die Liste aufzunehmen.&#8220; font_size=&#8220;lg:17&#8243; max_width=&#8220;630px&#8220;][tm_spacer size=&#8220;lg:60&#8243;][tm_service style=&#8220;carousel_05&#8243; carousel_nav=&#8220;5&#8243; carousel_gutter=&#8220;30&#8243; number=&#8220;3&#8243; carousel_items_display=&#8220;xs:1;sm:2;md:3;lg:3&#8243;][tm_spacer size=&#8220;lg:50&#8243;][vc_column_text]<\/p>\n<p style=\"text-align: center;\">\u00dcberspringen Sie nicht ihre regelm\u00e4\u00dfige zahn\u00e4rztliche Untersuchung.<a style=\"text-decoration: underline;\" href=\"..\/randevu-al\/\">Vereinbaren Sie Einen Termin!<\/a><\/p>\n<p>[\/vc_column_text][\/vc_column][\/vc_row][vc_row full_width=&#8220;stretch_row_content_no_spaces&#8220; custom_border_color=&#8220;#ffffff&#8220; lg_spacing=&#8220;border_bottom:1&#8243;][vc_column][tm_testimonial style=&#8220;8&#8243; number=&#8220;9&#8243; loop=&#8220;&#8220; auto_play=&#8220;&#8220; nav=&#8220;4&#8243; carousel_gutter=&#8220;lg:0&#8243;][\/vc_column][\/vc_row][vc_row full_width=&#8220;stretch_row_content_no_spaces&#8220;][vc_column][vc_separator color=&#8220;custom&#8220; accent_color=&#8220;#eeeeee&#8220;][\/vc_column][\/vc_row][vc_row column_separator=&#8220;01&#8243; lg_spacing=&#8220;padding_top:60&#8243; md_spacing=&#8220;padding_top:90;padding_bottom:30&#8243;][vc_column width=&#8220;1\/4&#8243; offset=&#8220;vc_col-lg-3 vc_col-md-6&#8243;][tm_box_icon style=&#8220;12&#8243; align=&#8220;center&#8220; icon_type=&#8220;fontawesome5&#8243; icon_fontawesome5=&#8220;fal fa-map&#8220; heading=&#8220;\u0130smet Pa\u015fa Mh. Trabzon Cd. Milcan Apt. Kat:3 No:5&#8243; text=&#8220;Oniki\u015fubat Kahramanmara\u015f \/ T\u00dcRK\u0130YE&#8220;][\/vc_column][vc_column width=&#8220;1\/4&#8243; offset=&#8220;vc_col-lg-3 vc_col-md-6&#8243;][tm_box_icon style=&#8220;12&#8243; align=&#8220;center&#8220; icon_type=&#8220;fontawesome5&#8243; icon_fontawesome5=&#8220;far fa-phone-alt&#8220; heading=&#8220;0344 221 80 85&#8243; text=&#8220;Rufen Sie an, um Unterst\u00fctzung zu erhalten&#8220; link=&#8220;url:tel%3A0344%20221%2080%2085&#8243;][\/vc_column][vc_column width=&#8220;1\/4&#8243; offset=&#8220;vc_col-lg-3 vc_col-md-6&#8243;][tm_box_icon style=&#8220;12&#8243; align=&#8220;center&#8220; icon_type=&#8220;fontawesome5&#8243; icon_fontawesome5=&#8220;far fa-phone-alt&#8220; heading=&#8220;0541 186 00 45&#8243; text=&#8220;Rufen Sie an, um Unterst\u00fctzung zu erhalten&#8220; link=&#8220;url:tel%3A0541%20186%2000%2045&#8243;][\/vc_column][vc_column width=&#8220;1\/4&#8243; offset=&#8220;vc_col-lg-3 vc_col-md-6&#8243;][tm_box_icon style=&#8220;12&#8243; align=&#8220;center&#8220; icon_type=&#8220;fontawesome5&#8243; icon_fontawesome5=&#8220;fal fa-envelope&#8220; heading=&#8220;info@haticesekkeli.com&#8220; text=&#8220;Senden Sie Uns Eine E-Mail&#8220; link=&#8220;url:mailto%3Ainfo%40haticesekkeli.com&#8220;][\/vc_column][\/vc_row][vc_row full_width=&#8220;stretch_row&#8220; background_color=&#8220;primary&#8220; lg_spacing=&#8220;padding_top:23;padding_bottom:27&#8243;][vc_column][tm_heading custom_google_font=&#8220;&#8220; align=&#8220;center&#8220; text_color=&#8220;custom&#8220; custom_text_color=&#8220;#ffffff&#8220; icon_type=&#8220;fontawesome5&#8243; icon_fontawesome5=&#8220;fal fa-map-marker-alt&#8220; text=&#8220;Sehen Sie Unsere Klinik Auf Der Karte&#8220; font_size=&#8220;lg:26&#8243; icon_font_size=&#8220;lg:36&#8243; link=&#8220;https:\/\/goo.gl\/maps\/zVAdF94D59RsHDbR9&#8243;][\/vc_column][\/vc_row]<\/p>\n","protected":false},"excerpt":{"rendered":"<p>[vc_row full_width=&#8220;stretch_row&#8220; content_placement=&#8220;middle&#8220; lg_spacing=&#8220;padding_top:100;padding_bottom:40&#8243; gutter=&#8220;xs:30;sm:50;md:70;lg:100&#8243;][vc_column offset=&#8220;vc_col-lg-6&#8243;][tm_heading custom_google_font=&#8220;&#8220; text=&#8220;Willkommen bei Dt. Hatice Shekkeli oral and Dental Health Clinic&#8220; font_size=&#8220;sm:36;lg:42&#8243;][tm_spacer size=&#8220;lg:20&#8243;][tm_heading tag=&#8220;div&#8220; custom_google_font=&#8220;&#8220; text=&#8220;Mit \u00fcber 30 Jahren Erfahrung Dt. Hatice SHEKKELI verfolgt die aktuellen Entwicklungen genau und setzt sich daf\u00fcr ein, ihren Patienten mit h\u00f6chster Qualit\u00e4t, perfektionistischem Verst\u00e4ndnis, qualit\u00e4tsorientiert und den neuesten Technologien zu folgen und sie mit ganzheitlicher Zahnmedizin zu kombinieren, um eine gesunde Zahnbehandlung zu bieten.&#8220; font_size=&#8220;lg:17&#8243;][tm_spacer size=&#8220;lg:50&#8243;][tm_box_icon style=&#8220;10&#8243; icon_type=&#8220;fontawesome5&#8243; icon_fontawesome5=&#8220;fal fa-briefcase-medical&#8220; heading=&#8220;Unsere Behandlungen&#8220; text=&#8220;Unsere \u00c4rzte stehen Ihnen vor allem in der \u00e4sthetischen Zahnheilkunde, Prothetik, Implantologie,Chirurgie, Kieferorthop\u00e4die(drahtbehandlung), Endodontie (Wurzelkanalbehandlung), pedodontie (Kinderzahnheilkunde), Parodontologie (Zahnfleischerkrankungen) und ganzheitlicher Zahnheilkunde mit \u00e4sthetischen Zahnheilkunde, akupunktur, Cup-Therapie, medizinischem Pendel, Hypnose zur Verf\u00fcgung.&#8220; lg_spacing=&#8220;margin_bottom:40&#8243;][tm_box_icon style=&#8220;10&#8243; icon_type=&#8220;fontawesome5&#8243; icon_fontawesome5=&#8220;fal fa-home-heart&#8220; heading=&#8220;Unsere Klinik&#8220; text=&#8220;In unserer Klinik mit modernsten Ger\u00e4ten und Ger\u00e4ten sorgen wir daf\u00fcr, dass unsere Patienten eine gesunde L\u00e4cheln-\u00c4sthetik erhalten und einen gesunden Mund und Z\u00e4hne erreichen.&#8220; lg_spacing=&#8220;margin_bottom:40&#8243;][tm_spacer size=&#8220;lg:30&#8243;][\/vc_column][vc_column offset=&#8220;vc_col-lg-6&#8243;][tm_image align=&#8220;right&#8220; md_align=&#8220;left&#8220; sm_align=&#8220;left&#8220; xs_align=&#8220;left&#8220; image=&#8220;3030&#8243;][tm_spacer size=&#8220;lg:60&#8243;][\/vc_column][\/vc_row][vc_row full_width=&#8220;stretch_row&#8220; lg_spacing=&#8220;padding_top:50;padding_bottom:100&#8243;][vc_column][tm_heading custom_google_font=&#8220;&#8220; align=&#8220;center&#8220; text=&#8220;Unsere Behandlungen&#8220; font_size=&#8220;sm:36;lg:42&#8243;][tm_spacer size=&#8220;lg:20&#8243;][tm_heading tag=&#8220;div&#8220; custom_google_font=&#8220;&#8220; align=&#8220;center&#8220; text=&#8220;Unsere Klinik bietet alle Arten von Dienstleistungen an und arbeitet st\u00e4ndig an neuen Technologien, um neue spezielle Dienstleistungen in die Liste aufzunehmen.&#8220; font_size=&#8220;lg:17&#8243; max_width=&#8220;630px&#8220;][tm_spacer size=&#8220;lg:60&#8243;][tm_service style=&#8220;carousel_05&#8243; carousel_nav=&#8220;5&#8243; carousel_gutter=&#8220;30&#8243; number=&#8220;3&#8243; carousel_items_display=&#8220;xs:1;sm:2;md:3;lg:3&#8243;][tm_spacer size=&#8220;lg:50&#8243;][vc_column_text] \u00dcberspringen Sie nicht ihre regelm\u00e4\u00dfige zahn\u00e4rztliche Untersuchung.Vereinbaren Sie Einen Termin! [\/vc_column_text][\/vc_column][\/vc_row][vc_row full_width=&#8220;stretch_row_content_no_spaces&#8220; custom_border_color=&#8220;#ffffff&#8220; lg_spacing=&#8220;border_bottom:1&#8243;][vc_column][tm_testimonial style=&#8220;8&#8243; number=&#8220;9&#8243; loop=&#8220;&#8220; auto_play=&#8220;&#8220; nav=&#8220;4&#8243; carousel_gutter=&#8220;lg:0&#8243;][\/vc_column][\/vc_row][vc_row full_width=&#8220;stretch_row_content_no_spaces&#8220;][vc_column][vc_separator color=&#8220;custom&#8220; accent_color=&#8220;#eeeeee&#8220;][\/vc_column][\/vc_row][vc_row column_separator=&#8220;01&#8243; lg_spacing=&#8220;padding_top:60&#8243; md_spacing=&#8220;padding_top:90;padding_bottom:30&#8243;][vc_column width=&#8220;1\/4&#8243; offset=&#8220;vc_col-lg-3 vc_col-md-6&#8243;][tm_box_icon style=&#8220;12&#8243; align=&#8220;center&#8220; icon_type=&#8220;fontawesome5&#8243; icon_fontawesome5=&#8220;fal fa-map&#8220; heading=&#8220;\u0130smet Pa\u015fa Mh. Trabzon Cd. Milcan Apt. Kat:3 No:5&#8243; text=&#8220;Oniki\u015fubat Kahramanmara\u015f \/ T\u00dcRK\u0130YE&#8220;][\/vc_column][vc_column width=&#8220;1\/4&#8243; offset=&#8220;vc_col-lg-3 vc_col-md-6&#8243;][tm_box_icon style=&#8220;12&#8243; align=&#8220;center&#8220; icon_type=&#8220;fontawesome5&#8243; icon_fontawesome5=&#8220;far fa-phone-alt&#8220; heading=&#8220;0344 221 80 85&#8243; text=&#8220;Rufen Sie an, um Unterst\u00fctzung zu erhalten&#8220; link=&#8220;url:tel%3A0344%20221%2080%2085&#8243;][\/vc_column][vc_column width=&#8220;1\/4&#8243; offset=&#8220;vc_col-lg-3 vc_col-md-6&#8243;][tm_box_icon style=&#8220;12&#8243; align=&#8220;center&#8220; icon_type=&#8220;fontawesome5&#8243; icon_fontawesome5=&#8220;far fa-phone-alt&#8220; heading=&#8220;0541 186 00 45&#8243; text=&#8220;Rufen Sie an, um Unterst\u00fctzung zu erhalten&#8220; link=&#8220;url:tel%3A0541%20186%2000%2045&#8243;][\/vc_column][vc_column width=&#8220;1\/4&#8243; offset=&#8220;vc_col-lg-3 vc_col-md-6&#8243;][tm_box_icon style=&#8220;12&#8243; align=&#8220;center&#8220; icon_type=&#8220;fontawesome5&#8243; icon_fontawesome5=&#8220;fal fa-envelope&#8220; heading=&#8220;info@haticesekkeli.com&#8220; text=&#8220;Senden Sie Uns Eine E-Mail&#8220; link=&#8220;url:mailto%3Ainfo%40haticesekkeli.com&#8220;][\/vc_column][\/vc_row][vc_row full_width=&#8220;stretch_row&#8220; background_color=&#8220;primary&#8220; lg_spacing=&#8220;padding_top:23;padding_bottom:27&#8243;][vc_column][tm_heading custom_google_font=&#8220;&#8220; align=&#8220;center&#8220; text_color=&#8220;custom&#8220; custom_text_color=&#8220;#ffffff&#8220; icon_type=&#8220;fontawesome5&#8243; icon_fontawesome5=&#8220;fal fa-map-marker-alt&#8220; text=&#8220;Sehen Sie Unsere Klinik Auf Der Karte&#8220; font_size=&#8220;lg:26&#8243; icon_font_size=&#8220;lg:36&#8243; link=&#8220;https:\/\/goo.gl\/maps\/zVAdF94D59RsHDbR9&#8243;][\/vc_column][\/vc_row]<\/p>\n","protected":false},"author":1,"featured_media":0,"parent":0,"menu_order":0,"comment_status":"closed","ping_status":"closed","template":"","meta":{"footnotes":""},"class_list":["post-4095","page","type-page","status-publish","hentry"],"_links":{"self":[{"href":"https:\/\/haticesekkeli.com\/de\/wp-json\/wp\/v2\/pages\/4095"}],"collection":[{"href":"https:\/\/haticesekkeli.com\/de\/wp-json\/wp\/v2\/pages"}],"about":[{"href":"https:\/\/haticesekkeli.com\/de\/wp-json\/wp\/v2\/types\/page"}],"author":[{"embeddable":true,"href":"https:\/\/haticesekkeli.com\/de\/wp-json\/wp\/v2\/users\/1"}],"replies":[{"embeddable":true,"href":"https:\/\/haticesekkeli.com\/de\/wp-json\/wp\/v2\/comments?post=4095"}],"version-history":[{"count":1,"href":"https:\/\/haticesekkeli.com\/de\/wp-json\/wp\/v2\/pages\/4095\/revisions"}],"predecessor-version":[{"id":4120,"href":"https:\/\/haticesekkeli.com\/de\/wp-json\/wp\/v2\/pages\/4095\/revisions\/4120"}],"wp:attachment":[{"href":"https:\/\/haticesekkeli.com\/de\/wp-json\/wp\/v2\/media?parent=4095"}],"curies":[{"name":"wp","href":"https:\/\/api.w.org\/{rel}","templated":true}]}}