{"id":4067,"date":"2019-07-01T07:40:28","date_gmt":"2019-07-01T07:40:28","guid":{"rendered":"http:\/\/haticesekkeli.com\/kontakt\/"},"modified":"2022-07-04T12:13:31","modified_gmt":"2022-07-04T12:13:31","slug":"kontakt","status":"publish","type":"page","link":"https:\/\/haticesekkeli.com\/de\/kontakt\/","title":{"rendered":"Kontakt"},"content":{"rendered":"<p>[vc_row full_width=&#8220;stretch_row_content_no_spaces&#8220;][vc_column][vc_column_text]<iframe loading=\"lazy\" style=\"border: 0;\" src=\"https:\/\/www.google.com\/maps\/embed?pb=!1m14!1m8!1m3!1d1329.4415806841037!2d36.92831486939211!3d37.57949427791675!3m2!1i1024!2i768!4f13.1!3m3!1m2!1s0x0%3A0xfc70743614641d06!2sDr.%20Hatice%20%C5%9Eekkeli!5e0!3m2!1str!2str!4v1655301845980!5m2!1str!2str\" width=\"100%\" height=\"450\" allowfullscreen=\"allowfullscreen\"><\/iframe>[\/vc_column_text][\/vc_column][\/vc_row][vc_row full_width=&#8220;stretch_row&#8220; lg_spacing=&#8220;padding_top:100;padding_bottom:40&#8243;][vc_column offset=&#8220;vc_col-lg-7 vc_col-md-8&#8243;][tm_heading custom_google_font=&#8220;&#8220; text=&#8220;Kontaktieren Sie Uns&#8220; font_size=&#8220;lg:42&#8243;][tm_spacer size=&#8220;lg:20&#8243;][tm_heading tag=&#8220;div&#8220; custom_google_font=&#8220;&#8220; text=&#8220;Wir \u00fcberpr\u00fcfen Ihren aktuellen Zahnzustand und entscheiden \u00fcber ihre Behandlung. Unsere Experten k\u00fcmmern sich mit Hingabe um Ihr L\u00e4cheln.&#8220; font_size=&#8220;lg:17&#8243;][tm_spacer size=&#8220;lg:60&#8243;][tm_contact_form_7 id=&#8220;839&#8243;][tm_spacer size=&#8220;lg:60&#8243;][\/vc_column][vc_column offset=&#8220;vc_col-lg-offset-1 vc_col-lg-4 vc_col-md-4&#8243;][vc_row_inner box_shadow=&#8220;0 0 40px rgba(0,0,0,0.06)&#8220; lg_spacing=&#8220;margin_right:0;margin_left:0&#8243;][vc_column_inner][tm_spacer size=&#8220;lg:50&#8243;][tm_box_icon style=&#8220;12&#8243; align=&#8220;center&#8220; icon_type=&#8220;fontawesome5&#8243; icon_fontawesome5=&#8220;fal fa-map&#8220; heading=&#8220;\u0130smet Pa\u015fa Mh. Trabzon Cd. Milcan Apt. Kat:3 No:5&#8243; text=&#8220;Oniki\u015fubat Kahramanmara\u015f \/ T\u00dcRK\u0130YE&#8220; lg_spacing=&#8220;margin_bottom:50&#8243;][tm_box_icon style=&#8220;12&#8243; align=&#8220;center&#8220; icon_type=&#8220;fontawesome5&#8243; icon_fontawesome5=&#8220;far fa-phone-alt&#8220; heading=&#8220;0344 221 80 85&#8243; text=&#8220;Rufen Sie an, um Unterst\u00fctzung zu erhalten&#8220; link=&#8220;url:tel%3A0344%20221%2080%2085&#8243; lg_spacing=&#8220;margin_bottom:50&#8243;][tm_box_icon style=&#8220;12&#8243; align=&#8220;center&#8220; icon_type=&#8220;fontawesome5&#8243; icon_fontawesome5=&#8220;far fa-phone-alt&#8220; heading=&#8220;0541 186 00 45&#8243; text=&#8220;Rufen Sie an, um Unterst\u00fctzung zu erhalten&#8220; link=&#8220;url:tel%3A0541%20186%2000%2045&#8243; lg_spacing=&#8220;margin_bottom:50&#8243;][tm_box_icon style=&#8220;12&#8243; align=&#8220;center&#8220; icon_type=&#8220;fontawesome5&#8243; icon_fontawesome5=&#8220;fal fa-envelope&#8220; heading=&#8220;info@haticesekkeli.com&#8220; text=&#8220;Senden Sie Uns Eine E-Mail&#8220; link=&#8220;url:mailto%3Ainfo%40haticesekkeli.com&#8220; lg_spacing=&#8220;margin_bottom:50&#8243;][tm_box_icon style=&#8220;12&#8243; align=&#8220;center&#8220; icon_type=&#8220;fontawesome5&#8243; icon_fontawesome5=&#8220;fal fa-clock&#8220; heading=&#8220;Montag-Samstag : 08.00 &#8211; 18.00&#8243; text=&#8220;Unsere Arbeitszeiten&#8220; link=&#8220;|||&#8220; lg_spacing=&#8220;margin_bottom:50&#8243;][tm_spacer size=&#8220;lg:10&#8243;][\/vc_column_inner][\/vc_row_inner][tm_spacer size=&#8220;lg:60&#8243;][\/vc_column][\/vc_row]<\/p>\n","protected":false},"excerpt":{"rendered":"<p>[vc_row full_width=&#8220;stretch_row_content_no_spaces&#8220;][vc_column][vc_column_text][\/vc_column_text][\/vc_column][\/vc_row][vc_row full_width=&#8220;stretch_row&#8220; lg_spacing=&#8220;padding_top:100;padding_bottom:40&#8243;][vc_column offset=&#8220;vc_col-lg-7 vc_col-md-8&#8243;][tm_heading custom_google_font=&#8220;&#8220; text=&#8220;Kontaktieren Sie Uns&#8220; font_size=&#8220;lg:42&#8243;][tm_spacer size=&#8220;lg:20&#8243;][tm_heading tag=&#8220;div&#8220; custom_google_font=&#8220;&#8220; text=&#8220;Wir \u00fcberpr\u00fcfen Ihren aktuellen Zahnzustand und entscheiden \u00fcber ihre Behandlung. Unsere Experten k\u00fcmmern sich mit Hingabe um Ihr L\u00e4cheln.&#8220; font_size=&#8220;lg:17&#8243;][tm_spacer size=&#8220;lg:60&#8243;][tm_contact_form_7 id=&#8220;839&#8243;][tm_spacer size=&#8220;lg:60&#8243;][\/vc_column][vc_column offset=&#8220;vc_col-lg-offset-1 vc_col-lg-4 vc_col-md-4&#8243;][vc_row_inner box_shadow=&#8220;0 0 40px rgba(0,0,0,0.06)&#8220; lg_spacing=&#8220;margin_right:0;margin_left:0&#8243;][vc_column_inner][tm_spacer size=&#8220;lg:50&#8243;][tm_box_icon style=&#8220;12&#8243; align=&#8220;center&#8220; icon_type=&#8220;fontawesome5&#8243; icon_fontawesome5=&#8220;fal fa-map&#8220; heading=&#8220;\u0130smet Pa\u015fa Mh. Trabzon Cd. Milcan Apt. Kat:3 No:5&#8243; text=&#8220;Oniki\u015fubat Kahramanmara\u015f \/ T\u00dcRK\u0130YE&#8220; lg_spacing=&#8220;margin_bottom:50&#8243;][tm_box_icon style=&#8220;12&#8243; align=&#8220;center&#8220; icon_type=&#8220;fontawesome5&#8243; icon_fontawesome5=&#8220;far fa-phone-alt&#8220; heading=&#8220;0344 221 80 85&#8243; text=&#8220;Rufen Sie an, um Unterst\u00fctzung zu erhalten&#8220; link=&#8220;url:tel%3A0344%20221%2080%2085&#8243; lg_spacing=&#8220;margin_bottom:50&#8243;][tm_box_icon style=&#8220;12&#8243; align=&#8220;center&#8220; icon_type=&#8220;fontawesome5&#8243; icon_fontawesome5=&#8220;far fa-phone-alt&#8220; heading=&#8220;0541 186 00 45&#8243; text=&#8220;Rufen Sie an, um Unterst\u00fctzung zu erhalten&#8220; link=&#8220;url:tel%3A0541%20186%2000%2045&#8243; lg_spacing=&#8220;margin_bottom:50&#8243;][tm_box_icon style=&#8220;12&#8243; align=&#8220;center&#8220; icon_type=&#8220;fontawesome5&#8243; icon_fontawesome5=&#8220;fal fa-envelope&#8220; heading=&#8220;info@haticesekkeli.com&#8220; text=&#8220;Senden Sie Uns Eine E-Mail&#8220; link=&#8220;url:mailto%3Ainfo%40haticesekkeli.com&#8220; lg_spacing=&#8220;margin_bottom:50&#8243;][tm_box_icon style=&#8220;12&#8243; align=&#8220;center&#8220; icon_type=&#8220;fontawesome5&#8243; icon_fontawesome5=&#8220;fal fa-clock&#8220; heading=&#8220;Montag-Samstag : 08.00 &#8211; 18.00&#8243; text=&#8220;Unsere Arbeitszeiten&#8220; link=&#8220;|||&#8220; lg_spacing=&#8220;margin_bottom:50&#8243;][tm_spacer size=&#8220;lg:10&#8243;][\/vc_column_inner][\/vc_row_inner][tm_spacer size=&#8220;lg:60&#8243;][\/vc_column][\/vc_row]<\/p>\n","protected":false},"author":1,"featured_media":0,"parent":0,"menu_order":0,"comment_status":"closed","ping_status":"closed","template":"","meta":{"footnotes":""},"class_list":["post-4067","page","type-page","status-publish","hentry"],"_links":{"self":[{"href":"https:\/\/haticesekkeli.com\/de\/wp-json\/wp\/v2\/pages\/4067"}],"collection":[{"href":"https:\/\/haticesekkeli.com\/de\/wp-json\/wp\/v2\/pages"}],"about":[{"href":"https:\/\/haticesekkeli.com\/de\/wp-json\/wp\/v2\/types\/page"}],"author":[{"embeddable":true,"href":"https:\/\/haticesekkeli.com\/de\/wp-json\/wp\/v2\/users\/1"}],"replies":[{"embeddable":true,"href":"https:\/\/haticesekkeli.com\/de\/wp-json\/wp\/v2\/comments?post=4067"}],"version-history":[{"count":2,"href":"https:\/\/haticesekkeli.com\/de\/wp-json\/wp\/v2\/pages\/4067\/revisions"}],"predecessor-version":[{"id":4140,"href":"https:\/\/haticesekkeli.com\/de\/wp-json\/wp\/v2\/pages\/4067\/revisions\/4140"}],"wp:attachment":[{"href":"https:\/\/haticesekkeli.com\/de\/wp-json\/wp\/v2\/media?parent=4067"}],"curies":[{"name":"wp","href":"https:\/\/api.w.org\/{rel}","templated":true}]}}