{"id":4017,"date":"2019-04-23T02:51:20","date_gmt":"2019-04-23T02:51:20","guid":{"rendered":"http:\/\/haticesekkeli.com\/startseite\/"},"modified":"2022-07-04T14:40:52","modified_gmt":"2022-07-04T14:40:52","slug":"startseite","status":"publish","type":"page","link":"https:\/\/haticesekkeli.com\/de\/","title":{"rendered":"Startseite"},"content":{"rendered":"<p>[vc_row full_width=&#8220;stretch_row&#8220; column_separator=&#8220;02&#8243; background_color=&#8220;gradient&#8220; background_gradient=&#8220;background: -webkit-gradient(linear, left top, left bottom, color-stop(0%, #F2F6F9), color-stop(79%, #FFFFFF));background: -moz-linear-gradient(top,#F2F6F9 0%,#FFFFFF 79%);background: -webkit-linear-gradient(top,#F2F6F9 0%,#FFFFFF 79%);background: -o-linear-gradient(top,#F2F6F9 0%,#FFFFFF 79%);background: -ms-linear-gradient(top,#F2F6F9 0%,#FFFFFF 79%);background: linear-gradient(top,#F2F6F9 0%,#FFFFFF 79%);&#8220;][vc_column][vc_row_inner gutter=&#8220;sm:30;md:40;lg:60&#8243;][vc_column_inner offset=&#8220;vc_col-lg-6&#8243;][tm_spacer size=&#8220;lg:60&#8243;][tm_heading tag=&#8220;h2&#8243; custom_google_font=&#8220;&#8220; font_weight=&#8220;500&#8243; text_transform=&#8220;uppercase&#8220; text_color=&#8220;custom&#8220; custom_text_color=&#8220;#486683&#8243; text=&#8220;DT. Hatice \u015eekkeli&#8220; font_size=&#8220;lg:14&#8243; letter_spacing=&#8220;1.75px&#8220;][tm_spacer size=&#8220;lg:15&#8243;][tm_heading custom_google_font=&#8220;&#8220; text=&#8220;Moderne Medizintechnik und ganzheitliche Zahnheilkunde zusammen!&#8220; font_size=&#8220;xs:36;lg:42&#8243;][tm_spacer size=&#8220;lg:20&#8243;][tm_heading tag=&#8220;div&#8220; custom_google_font=&#8220;&#8220; text=&#8220;Mit \u00fcber 30 Jahren Erfahrung Dt. Hatice SHEKKELI verfolgt die aktuellen Entwicklungen genau und setzt sich daf\u00fcr ein, ihren Patienten mit h\u00f6chster Qualit\u00e4t, perfektionistischem Verst\u00e4ndnis, qualit\u00e4tsorientiert und den neuesten Technologien zu folgen und sie mit ganzheitlicher Zahnmedizin zu kombinieren, um eine gesunde Zahnbehandlung zu bieten.&#8220; font_size=&#8220;lg:17&#8243;][tm_spacer size=&#8220;lg:20&#8243;][tm_button style=&#8220;text&#8220; icon_type=&#8220;fontawesome5&#8243; icon_fontawesome5=&#8220;far fa-long-arrow-alt-right&#8220; color=&#8220;custom&#8220; button_bg_color=&#8220;&#8220; font_color=&#8220;secondary&#8220; button_border_color=&#8220;&#8220; button_icon_color=&#8220;primary&#8220; button_bg_color_hover=&#8220;&#8220; font_color_hover=&#8220;&#8220; button_border_color_hover=&#8220;&#8220; button_icon_color_hover=&#8220;&#8220; button=&#8220;url:https%3A%2F%2Fwww.dentarte.com.tr%2Fnew%2Fabout-us-2%2F|title:detaillierte%20Informationen&#8220;][tm_spacer size=&#8220;md:35;lg:30&#8243;][\/vc_column_inner][vc_column_inner offset=&#8220;vc_col-lg-6&#8243;][tm_spacer size=&#8220;lg:30&#8243;][tm_image image=&#8220;3006&#8243;][tm_spacer size=&#8220;lg:30&#8243;][\/vc_column_inner][\/vc_row_inner][tm_spacer size=&#8220;xs:80;lg:40&#8243;][\/vc_column][\/vc_row][vc_row full_width=&#8220;stretch_row_content_no_spaces&#8220; background_color=&#8220;custom&#8220; custom_background_color=&#8220;#f2f6f9&#8243;][vc_column][tm_service style=&#8220;carousel_05&#8243; carousel_loop=&#8220;&#8220; equal_height=&#8220;1&#8243; carousel_nav=&#8220;7&#8243; carousel_pagination=&#8220;6&#8243; carousel_gutter=&#8220;0&#8243; number=&#8220;10&#8243; carousel_auto_play=&#8220;3000&#8243; carousel_items_display=&#8220;xs:1;sm:2;md:3;lg:4&#8243;][\/vc_column][\/vc_row][vc_row full_width=&#8220;stretch_row&#8220; background_color=&#8220;secondary&#8220;][vc_column content_alignment=&#8220;center&#8220;][tm_spacer size=&#8220;lg:100&#8243;][tm_heading custom_google_font=&#8220;&#8220; font_weight=&#8220;500&#8243; text_transform=&#8220;uppercase&#8220; align=&#8220;center&#8220; text_color=&#8220;custom&#8220; custom_text_color=&#8220;#ffffff&#8220; text=&#8220;Warum unsere Klinik w\u00e4hlen?&#8220; font_size=&#8220;lg:14&#8243; letter_spacing=&#8220;1.75px&#8220;][tm_spacer size=&#8220;lg:15&#8243;][tm_heading custom_google_font=&#8220;&#8220; align=&#8220;center&#8220; text_color=&#8220;custom&#8220; custom_text_color=&#8220;#ffffff&#8220; text=&#8220;Gr\u00fcnde uns zu w\u00e4hlen&#8220; font_size=&#8220;xs:36;lg:42&#8243;][tm_spacer size=&#8220;lg:70&#8243;][vc_row_inner gutter=&#8220;sm:30;md:50;lg:70&#8243;][vc_column_inner offset=&#8220;vc_col-lg-4&#8243;][tm_box_icon style=&#8220;10&#8243; icon_type=&#8220;fontawesome5&#8243; icon_fontawesome5=&#8220;fal fa-home-heart&#8220; heading_color=&#8220;custom&#8220; custom_heading_color=&#8220;#ffffff&#8220; icon_color=&#8220;custom&#8220; custom_icon_color=&#8220;#ffffff&#8220; text_color=&#8220;custom&#8220; custom_text_color=&#8220;#ffffff&#8220; heading=&#8220;Ann\u00e4herung Mit Liebe&#8220; text=&#8220;Mit gro\u00dfem Einf\u00fchlungsverm\u00f6gen und Verst\u00e4ndnis k\u00fcmmern wir uns um Ihre Zahngesundheit, damit Sie Ihr sch\u00f6nstes L\u00e4cheln haben k\u00f6nnen.&#8220;][\/vc_column_inner][vc_column_inner offset=&#8220;vc_col-lg-4&#8243;][tm_box_icon style=&#8220;10&#8243; icon_type=&#8220;fontawesome5&#8243; icon_fontawesome5=&#8220;fal fa-laugh&#8220; heading_color=&#8220;custom&#8220; custom_heading_color=&#8220;#ffffff&#8220; icon_color=&#8220;custom&#8220; custom_icon_color=&#8220;#ffffff&#8220; text_color=&#8220;custom&#8220; custom_text_color=&#8220;#ffffff&#8220; heading=&#8220;L\u00e4chelnde Gesichter&#8220; text=&#8220;Das L\u00e4cheln auf den Gesichtern unserer \u00c4rzte verblasst nie, denn sie wollen immer eine Atmosph\u00e4re schaffen, in der Sie sich wohlf\u00fchlen.&#8220;][\/vc_column_inner][vc_column_inner offset=&#8220;vc_col-lg-4&#8243;][tm_box_icon style=&#8220;10&#8243; icon_type=&#8220;fontawesome5&#8243; icon_fontawesome5=&#8220;fal fa-briefcase-medical&#8220; heading_color=&#8220;custom&#8220; custom_heading_color=&#8220;#ffffff&#8220; icon_color=&#8220;custom&#8220; custom_icon_color=&#8220;#ffffff&#8220; text_color=&#8220;custom&#8220; custom_text_color=&#8220;#ffffff&#8220; heading=&#8220;Kontinuierliche Unterst\u00fctzung&#8220; text=&#8220;Wir sind in unserem Zentrum rund um die Uhr f\u00fcr Sie da, auch an Wochenenden und Feiertagen.&#8220;][\/vc_column_inner][\/vc_row_inner][vc_row_inner gutter=&#8220;sm:30;md:50;lg:70&#8243;][vc_column_inner offset=&#8220;vc_col-lg-4&#8243;][tm_box_icon style=&#8220;10&#8243; icon_type=&#8220;fontawesome5&#8243; icon_fontawesome5=&#8220;fal fa-stethoscope&#8220; heading_color=&#8220;custom&#8220; custom_heading_color=&#8220;#ffffff&#8220; icon_color=&#8220;custom&#8220; custom_icon_color=&#8220;#ffffff&#8220; text_color=&#8220;custom&#8220; custom_text_color=&#8220;#ffffff&#8220; heading=&#8220;Die Genaueste Diagnose&#8220; text=&#8220;Wenn unsere Z\u00e4hne faul oder besch\u00e4digt sind, verwenden wir moderne Werkzeuge, um den Bereich zu lokalisieren und eine Behandlung anzubieten.&#8220;][\/vc_column_inner][vc_column_inner offset=&#8220;vc_col-lg-4&#8243;][tm_box_icon style=&#8220;10&#8243; icon_type=&#8220;fontawesome5&#8243; icon_fontawesome5=&#8220;fal fa-tooth&#8220; heading_color=&#8220;custom&#8220; custom_heading_color=&#8220;#ffffff&#8220; icon_color=&#8220;custom&#8220; custom_icon_color=&#8220;#ffffff&#8220; text_color=&#8220;custom&#8220; custom_text_color=&#8220;#ffffff&#8220; heading=&#8220;Regelm\u00e4\u00dfige Check-ups&#8220; text=&#8220;Wir f\u00fchren j\u00e4hrliche Zahngesundheitsuntersuchungen durch und bieten Klinikmitgliedern viele Aktionen an.&#8220;][\/vc_column_inner][vc_column_inner offset=&#8220;vc_col-lg-4&#8243;][tm_box_icon style=&#8220;10&#8243; icon_type=&#8220;fontawesome5&#8243; icon_fontawesome5=&#8220;fal fa-credit-card-blank&#8220; heading_color=&#8220;custom&#8220; custom_heading_color=&#8220;#ffffff&#8220; icon_color=&#8220;custom&#8220; custom_icon_color=&#8220;#ffffff&#8220; text_color=&#8220;custom&#8220; custom_text_color=&#8220;#ffffff&#8220; heading=&#8220;Flexible Zahlung&#8220; text=&#8220;Sie k\u00f6nnen eine der bequemsten Zahlungsmethoden f\u00fcr die Dienstleistungen w\u00e4hlen, die Sie erhalten. Barzahlung, Kreditkarte, Ratenzahlung&#8230;&#8220;][\/vc_column_inner][\/vc_row_inner][tm_spacer size=&#8220;lg:30&#8243;][\/vc_column][\/vc_row][vc_row full_width=&#8220;stretch_row&#8220; background_color=&#8220;custom&#8220; lg_spacing=&#8220;padding_top:100;padding_bottom:100&#8243; custom_background_color=&#8220;#f6f5f9&#8243;][vc_column][tm_heading custom_google_font=&#8220;&#8220; align=&#8220;center&#8220; text=&#8220;News &amp; Blog aus unserer Klinik&#8220; font_size=&#8220;xs:36;lg:42&#8243;][tm_spacer size=&#8220;lg:20&#8243;][tm_heading tag=&#8220;div&#8220; custom_google_font=&#8220;&#8220; align=&#8220;center&#8220; text=&#8220;Bleiben Sie auf dem Laufenden \u00fcber unsere aktuellen Nachrichten und Veranstaltungen auf dem Gebiet der Zahnmedizin, die von unseren Experten der Dt. Hatice \u015eEKKEL\u0130-Klinik f\u00fcr Mund- und Zahngesundheit verfasst wurden.&#8220; font_size=&#8220;lg:17&#8243; max_width=&#8220;630px&#8220;][tm_spacer size=&#8220;lg:60&#8243;][vc_row_inner][vc_column_inner offset=&#8220;vc_col-lg-8&#8243;][tm_blog style=&#8220;grid_classic_01&#8243; gutter=&#8220;30&#8243; number=&#8220;2&#8243; columns=&#8220;xs:1;sm:2;lg:2&#8243;][tm_spacer size=&#8220;md:60&#8243;][\/vc_column_inner][vc_column_inner offset=&#8220;vc_col-lg-4&#8243;][tm_blog style=&#8220;list_simple_02&#8243; number=&#8220;3&#8243;][\/vc_column_inner][\/vc_row_inner][\/vc_column][\/vc_row][vc_row full_width=&#8220;stretch_row&#8220; overlay_background=&#8220;custom&#8220; overlay_opacity=&#8220;50&#8243; background_image=&#8220;907&#8243; lg_spacing=&#8220;padding_top:133;padding_bottom:122&#8243;][vc_column][tm_heading custom_google_font=&#8220;&#8220; font_weight=&#8220;700&#8243; align=&#8220;center&#8220; text_color=&#8220;custom&#8220; custom_text_color=&#8220;#ffffff&#8220; text=&#8220;Wir k\u00fcmmern uns um Ihre Zahngesundheit&#8220; font_size=&#8220;sm:18;lg:22&#8243;][tm_spacer size=&#8220;lg:15&#8243;][tm_heading custom_google_font=&#8220;&#8220; font_weight=&#8220;700&#8243; align=&#8220;center&#8220; text_color=&#8220;custom&#8220; custom_text_color=&#8220;#ffffff&#8220; text=&#8220;L\u00e4cheln Sie mit uns perfekt&#8220; font_size=&#8220;xs:36;sm:40;lg:60&#8243;][tm_spacer size=&#8220;lg:25&#8243;][tm_button style=&#8220;modern&#8220; align=&#8220;center&#8220; button=&#8220;url:http%3A%2F%2Fhaticesekkeli.com%2Frandevu-al%2F|title:vereinbaren%20Sie%20einen%20Termin&#8220;][\/vc_column][\/vc_row]<\/p>\n","protected":false},"excerpt":{"rendered":"<p>[vc_row full_width=&#8220;stretch_row&#8220; column_separator=&#8220;02&#8243; background_color=&#8220;gradient&#8220; background_gradient=&#8220;background: -webkit-gradient(linear, left top, left bottom, color-stop(0%, #F2F6F9), color-stop(79%, #FFFFFF));background: -moz-linear-gradient(top,#F2F6F9 0%,#FFFFFF 79%);background: -webkit-linear-gradient(top,#F2F6F9 0%,#FFFFFF 79%);background: -o-linear-gradient(top,#F2F6F9 0%,#FFFFFF 79%);background: -ms-linear-gradient(top,#F2F6F9 0%,#FFFFFF 79%);background: linear-gradient(top,#F2F6F9 0%,#FFFFFF 79%);&#8220;][vc_column][vc_row_inner gutter=&#8220;sm:30;md:40;lg:60&#8243;][vc_column_inner offset=&#8220;vc_col-lg-6&#8243;][tm_spacer size=&#8220;lg:60&#8243;][tm_heading tag=&#8220;h2&#8243; custom_google_font=&#8220;&#8220; font_weight=&#8220;500&#8243; text_transform=&#8220;uppercase&#8220; text_color=&#8220;custom&#8220; custom_text_color=&#8220;#486683&#8243; text=&#8220;DT. Hatice \u015eekkeli&#8220; font_size=&#8220;lg:14&#8243; letter_spacing=&#8220;1.75px&#8220;][tm_spacer size=&#8220;lg:15&#8243;][tm_heading custom_google_font=&#8220;&#8220; text=&#8220;Moderne Medizintechnik und ganzheitliche Zahnheilkunde zusammen!&#8220; font_size=&#8220;xs:36;lg:42&#8243;][tm_spacer size=&#8220;lg:20&#8243;][tm_heading tag=&#8220;div&#8220; custom_google_font=&#8220;&#8220; text=&#8220;Mit \u00fcber 30 Jahren Erfahrung Dt. Hatice SHEKKELI verfolgt die aktuellen Entwicklungen genau und setzt sich daf\u00fcr ein, ihren Patienten mit h\u00f6chster Qualit\u00e4t, perfektionistischem Verst\u00e4ndnis, qualit\u00e4tsorientiert und den neuesten Technologien zu folgen und sie mit ganzheitlicher Zahnmedizin zu kombinieren, um eine gesunde Zahnbehandlung zu bieten.&#8220; font_size=&#8220;lg:17&#8243;][tm_spacer size=&#8220;lg:20&#8243;][tm_button style=&#8220;text&#8220; icon_type=&#8220;fontawesome5&#8243; icon_fontawesome5=&#8220;far fa-long-arrow-alt-right&#8220; color=&#8220;custom&#8220; button_bg_color=&#8220;&#8220; font_color=&#8220;secondary&#8220; button_border_color=&#8220;&#8220; button_icon_color=&#8220;primary&#8220; button_bg_color_hover=&#8220;&#8220; font_color_hover=&#8220;&#8220; button_border_color_hover=&#8220;&#8220; button_icon_color_hover=&#8220;&#8220; button=&#8220;url:https%3A%2F%2Fwww.dentarte.com.tr%2Fnew%2Fabout-us-2%2F|title:detaillierte%20Informationen&#8220;][tm_spacer size=&#8220;md:35;lg:30&#8243;][\/vc_column_inner][vc_column_inner offset=&#8220;vc_col-lg-6&#8243;][tm_spacer size=&#8220;lg:30&#8243;][tm_image image=&#8220;3006&#8243;][tm_spacer size=&#8220;lg:30&#8243;][\/vc_column_inner][\/vc_row_inner][tm_spacer size=&#8220;xs:80;lg:40&#8243;][\/vc_column][\/vc_row][vc_row full_width=&#8220;stretch_row_content_no_spaces&#8220; background_color=&#8220;custom&#8220; custom_background_color=&#8220;#f2f6f9&#8243;][vc_column][tm_service style=&#8220;carousel_05&#8243; carousel_loop=&#8220;&#8220; equal_height=&#8220;1&#8243; carousel_nav=&#8220;7&#8243; carousel_pagination=&#8220;6&#8243; carousel_gutter=&#8220;0&#8243; number=&#8220;10&#8243; carousel_auto_play=&#8220;3000&#8243; carousel_items_display=&#8220;xs:1;sm:2;md:3;lg:4&#8243;][\/vc_column][\/vc_row][vc_row full_width=&#8220;stretch_row&#8220; background_color=&#8220;secondary&#8220;][vc_column content_alignment=&#8220;center&#8220;][tm_spacer size=&#8220;lg:100&#8243;][tm_heading custom_google_font=&#8220;&#8220; font_weight=&#8220;500&#8243; text_transform=&#8220;uppercase&#8220; align=&#8220;center&#8220; text_color=&#8220;custom&#8220; custom_text_color=&#8220;#ffffff&#8220; text=&#8220;Warum unsere Klinik w\u00e4hlen?&#8220; font_size=&#8220;lg:14&#8243; letter_spacing=&#8220;1.75px&#8220;][tm_spacer size=&#8220;lg:15&#8243;][tm_heading custom_google_font=&#8220;&#8220; align=&#8220;center&#8220; text_color=&#8220;custom&#8220; custom_text_color=&#8220;#ffffff&#8220; text=&#8220;Gr\u00fcnde uns zu w\u00e4hlen&#8220; font_size=&#8220;xs:36;lg:42&#8243;][tm_spacer size=&#8220;lg:70&#8243;][vc_row_inner gutter=&#8220;sm:30;md:50;lg:70&#8243;][vc_column_inner offset=&#8220;vc_col-lg-4&#8243;][tm_box_icon style=&#8220;10&#8243; icon_type=&#8220;fontawesome5&#8243; icon_fontawesome5=&#8220;fal fa-home-heart&#8220; heading_color=&#8220;custom&#8220; custom_heading_color=&#8220;#ffffff&#8220; icon_color=&#8220;custom&#8220; custom_icon_color=&#8220;#ffffff&#8220; text_color=&#8220;custom&#8220; custom_text_color=&#8220;#ffffff&#8220; heading=&#8220;Ann\u00e4herung Mit Liebe&#8220; text=&#8220;Mit gro\u00dfem Einf\u00fchlungsverm\u00f6gen und Verst\u00e4ndnis k\u00fcmmern wir uns um Ihre Zahngesundheit, damit Sie Ihr sch\u00f6nstes L\u00e4cheln haben k\u00f6nnen.&#8220;][\/vc_column_inner][vc_column_inner offset=&#8220;vc_col-lg-4&#8243;][tm_box_icon style=&#8220;10&#8243; icon_type=&#8220;fontawesome5&#8243; icon_fontawesome5=&#8220;fal fa-laugh&#8220; heading_color=&#8220;custom&#8220; custom_heading_color=&#8220;#ffffff&#8220; icon_color=&#8220;custom&#8220; custom_icon_color=&#8220;#ffffff&#8220; text_color=&#8220;custom&#8220; custom_text_color=&#8220;#ffffff&#8220; heading=&#8220;L\u00e4chelnde Gesichter&#8220; text=&#8220;Das L\u00e4cheln auf den Gesichtern unserer \u00c4rzte verblasst nie, denn sie wollen immer eine Atmosph\u00e4re schaffen, in der Sie sich wohlf\u00fchlen.&#8220;][\/vc_column_inner][vc_column_inner offset=&#8220;vc_col-lg-4&#8243;][tm_box_icon style=&#8220;10&#8243; icon_type=&#8220;fontawesome5&#8243; icon_fontawesome5=&#8220;fal fa-briefcase-medical&#8220; heading_color=&#8220;custom&#8220; custom_heading_color=&#8220;#ffffff&#8220; icon_color=&#8220;custom&#8220; custom_icon_color=&#8220;#ffffff&#8220; text_color=&#8220;custom&#8220; custom_text_color=&#8220;#ffffff&#8220; heading=&#8220;Kontinuierliche Unterst\u00fctzung&#8220; text=&#8220;Wir sind in unserem Zentrum rund um die Uhr f\u00fcr Sie da, auch an Wochenenden und Feiertagen.&#8220;][\/vc_column_inner][\/vc_row_inner][vc_row_inner gutter=&#8220;sm:30;md:50;lg:70&#8243;][vc_column_inner offset=&#8220;vc_col-lg-4&#8243;][tm_box_icon style=&#8220;10&#8243; icon_type=&#8220;fontawesome5&#8243; icon_fontawesome5=&#8220;fal fa-stethoscope&#8220; heading_color=&#8220;custom&#8220; custom_heading_color=&#8220;#ffffff&#8220; icon_color=&#8220;custom&#8220; custom_icon_color=&#8220;#ffffff&#8220; text_color=&#8220;custom&#8220; custom_text_color=&#8220;#ffffff&#8220; heading=&#8220;Die Genaueste Diagnose&#8220; text=&#8220;Wenn unsere Z\u00e4hne faul oder besch\u00e4digt sind, verwenden wir moderne Werkzeuge, um den Bereich zu lokalisieren und eine Behandlung anzubieten.&#8220;][\/vc_column_inner][vc_column_inner offset=&#8220;vc_col-lg-4&#8243;][tm_box_icon style=&#8220;10&#8243; icon_type=&#8220;fontawesome5&#8243; icon_fontawesome5=&#8220;fal fa-tooth&#8220; heading_color=&#8220;custom&#8220; custom_heading_color=&#8220;#ffffff&#8220; icon_color=&#8220;custom&#8220; custom_icon_color=&#8220;#ffffff&#8220; text_color=&#8220;custom&#8220; custom_text_color=&#8220;#ffffff&#8220; heading=&#8220;Regelm\u00e4\u00dfige Check-ups&#8220; text=&#8220;Wir f\u00fchren j\u00e4hrliche Zahngesundheitsuntersuchungen durch und bieten Klinikmitgliedern viele Aktionen an.&#8220;][\/vc_column_inner][vc_column_inner offset=&#8220;vc_col-lg-4&#8243;][tm_box_icon style=&#8220;10&#8243; icon_type=&#8220;fontawesome5&#8243; icon_fontawesome5=&#8220;fal fa-credit-card-blank&#8220; heading_color=&#8220;custom&#8220; custom_heading_color=&#8220;#ffffff&#8220; icon_color=&#8220;custom&#8220; custom_icon_color=&#8220;#ffffff&#8220; text_color=&#8220;custom&#8220; custom_text_color=&#8220;#ffffff&#8220; heading=&#8220;Flexible Zahlung&#8220; text=&#8220;Sie k\u00f6nnen eine der bequemsten Zahlungsmethoden f\u00fcr die Dienstleistungen w\u00e4hlen, die Sie erhalten. Barzahlung, Kreditkarte, Ratenzahlung&#8230;&#8220;][\/vc_column_inner][\/vc_row_inner][tm_spacer size=&#8220;lg:30&#8243;][\/vc_column][\/vc_row][vc_row full_width=&#8220;stretch_row&#8220; background_color=&#8220;custom&#8220; lg_spacing=&#8220;padding_top:100;padding_bottom:100&#8243; custom_background_color=&#8220;#f6f5f9&#8243;][vc_column][tm_heading custom_google_font=&#8220;&#8220; align=&#8220;center&#8220; text=&#8220;News &amp; Blog aus unserer Klinik&#8220; font_size=&#8220;xs:36;lg:42&#8243;][tm_spacer size=&#8220;lg:20&#8243;][tm_heading tag=&#8220;div&#8220; custom_google_font=&#8220;&#8220; align=&#8220;center&#8220; text=&#8220;Bleiben Sie auf dem Laufenden \u00fcber unsere aktuellen Nachrichten und Veranstaltungen auf dem Gebiet der Zahnmedizin, die von unseren Experten der Dt. Hatice \u015eEKKEL\u0130-Klinik f\u00fcr Mund- und Zahngesundheit verfasst wurden.&#8220; font_size=&#8220;lg:17&#8243; max_width=&#8220;630px&#8220;][tm_spacer size=&#8220;lg:60&#8243;][vc_row_inner][vc_column_inner offset=&#8220;vc_col-lg-8&#8243;][tm_blog style=&#8220;grid_classic_01&#8243; gutter=&#8220;30&#8243; number=&#8220;2&#8243; columns=&#8220;xs:1;sm:2;lg:2&#8243;][tm_spacer size=&#8220;md:60&#8243;][\/vc_column_inner][vc_column_inner offset=&#8220;vc_col-lg-4&#8243;][tm_blog style=&#8220;list_simple_02&#8243; number=&#8220;3&#8243;][\/vc_column_inner][\/vc_row_inner][\/vc_column][\/vc_row][vc_row full_width=&#8220;stretch_row&#8220; overlay_background=&#8220;custom&#8220; overlay_opacity=&#8220;50&#8243; background_image=&#8220;907&#8243; lg_spacing=&#8220;padding_top:133;padding_bottom:122&#8243;][vc_column][tm_heading custom_google_font=&#8220;&#8220; font_weight=&#8220;700&#8243; align=&#8220;center&#8220; text_color=&#8220;custom&#8220; custom_text_color=&#8220;#ffffff&#8220; text=&#8220;Wir k\u00fcmmern uns um Ihre Zahngesundheit&#8220; font_size=&#8220;sm:18;lg:22&#8243;][tm_spacer size=&#8220;lg:15&#8243;][tm_heading custom_google_font=&#8220;&#8220; font_weight=&#8220;700&#8243; align=&#8220;center&#8220; text_color=&#8220;custom&#8220; custom_text_color=&#8220;#ffffff&#8220; text=&#8220;L\u00e4cheln Sie mit uns perfekt&#8220; font_size=&#8220;xs:36;sm:40;lg:60&#8243;][tm_spacer size=&#8220;lg:25&#8243;][tm_button style=&#8220;modern&#8220; align=&#8220;center&#8220; button=&#8220;url:http%3A%2F%2Fhaticesekkeli.com%2Frandevu-al%2F|title:vereinbaren%20Sie%20einen%20Termin&#8220;][\/vc_column][\/vc_row]<\/p>\n","protected":false},"author":1,"featured_media":0,"parent":0,"menu_order":0,"comment_status":"closed","ping_status":"closed","template":"","meta":{"footnotes":""},"class_list":["post-4017","page","type-page","status-publish","hentry"],"_links":{"self":[{"href":"https:\/\/haticesekkeli.com\/de\/wp-json\/wp\/v2\/pages\/4017"}],"collection":[{"href":"https:\/\/haticesekkeli.com\/de\/wp-json\/wp\/v2\/pages"}],"about":[{"href":"https:\/\/haticesekkeli.com\/de\/wp-json\/wp\/v2\/types\/page"}],"author":[{"embeddable":true,"href":"https:\/\/haticesekkeli.com\/de\/wp-json\/wp\/v2\/users\/1"}],"replies":[{"embeddable":true,"href":"https:\/\/haticesekkeli.com\/de\/wp-json\/wp\/v2\/comments?post=4017"}],"version-history":[{"count":3,"href":"https:\/\/haticesekkeli.com\/de\/wp-json\/wp\/v2\/pages\/4017\/revisions"}],"predecessor-version":[{"id":4171,"href":"https:\/\/haticesekkeli.com\/de\/wp-json\/wp\/v2\/pages\/4017\/revisions\/4171"}],"wp:attachment":[{"href":"https:\/\/haticesekkeli.com\/de\/wp-json\/wp\/v2\/media?parent=4017"}],"curies":[{"name":"wp","href":"https:\/\/api.w.org\/{rel}","templated":true}]}}